{"id":18125,"date":"2022-02-24T12:51:35","date_gmt":"2022-02-24T12:51:35","guid":{"rendered":"https:\/\/gestassur.net\/assur-expat\/test\/?page_id=18125"},"modified":"2022-07-21T12:55:17","modified_gmt":"2022-07-21T12:55:17","slug":"services-corporate","status":"publish","type":"page","link":"https:\/\/assurexpat.com\/index.php\/services-corporate\/","title":{"rendered":"Services Corporate"},"content":{"rendered":"\t\t<div data-elementor-type=\"wp-page\" data-elementor-id=\"18125\" class=\"elementor elementor-18125\">\n\t\t\t\t\t\t<section class=\"elementor-section elementor-top-section elementor-element elementor-element-782996f elementor-section-stretched elementor-section-content-middle elementor-section-boxed elementor-section-height-default elementor-section-height-default cd-bg-color-transparent\" data-id=\"782996f\" data-element_type=\"section\" data-settings=\"{&quot;stretch_section&quot;:&quot;section-stretched&quot;}\">\n\t\t\t\t\t\t<div class=\"elementor-container elementor-column-gap-default\">\n\t\t\t\t\t<div class=\"elementor-column elementor-col-50 elementor-top-column elementor-element elementor-element-b9ffef1 cd-bg-color-transparent\" data-id=\"b9ffef1\" data-element_type=\"column\">\n\t\t\t<div class=\"elementor-widget-wrap elementor-element-populated\">\n\t\t\t\t\t\t<div class=\"elementor-element elementor-element-fa24707 about-us elementor-widget elementor-widget-image\" data-id=\"fa24707\" data-element_type=\"widget\" data-widget_type=\"image.default\">\n\t\t\t\t<div class=\"elementor-widget-container\">\n\t\t\t\t\t\t\t\t\t\t\t\t\t\t\t<img decoding=\"async\" src=\"https:\/\/assurexpat.com\/wp-content\/uploads\/elementor\/thumbs\/Serrvice-corporate-r7rusydteqje2vkrocvuiog4xom8k5iegzhkkl6dis.jpg\" title=\"Serrvice corporate\" alt=\"Serrvice corporate\" loading=\"lazy\" \/>\t\t\t\t\t\t\t\t\t\t\t\t\t\t\t<\/div>\n\t\t\t\t<\/div>\n\t\t\t\t\t<\/div>\n\t\t<\/div>\n\t\t\t\t<div class=\"elementor-column elementor-col-50 elementor-top-column elementor-element elementor-element-3328f8e cd-bg-color-transparent\" data-id=\"3328f8e\" data-element_type=\"column\">\n\t\t\t<div class=\"elementor-widget-wrap elementor-element-populated\">\n\t\t\t\t\t\t<div class=\"elementor-element elementor-element-51a9e67 elementor-widget elementor-widget-text-editor\" data-id=\"51a9e67\" data-element_type=\"widget\" data-widget_type=\"text-editor.default\">\n\t\t\t\t<div class=\"elementor-widget-container\">\n\t\t\t\t\t\t\t\t\t<p>Nos offres sur mesure s\u2019adaptent parfaitement aux entreprises et \u00e0 leurs collaborateurs permanents ou ponctuels.<\/p><p>Chaque entreprise est unique. Plusieurs facteurs influence le choix de la meilleure police d\u2019assurance afin de couvrir les risque auxquelles elles pourrait \u00eatre expos\u00e9es et les sinistres qui en d\u00e9couleraient.<\/p><p>Toutefois, bien souvent les tarifs \u00e9lev\u00e9s pay\u00e9s ne sont pas le gage d\u2019une couverture compl\u00e8te et adapt\u00e9e \u00e0 l\u2019entreprise. AssurLand vous accompagne dans la s\u00e9lection de contrat dont les clauses sont enti\u00e8rement adapt\u00e9es \u00e0 la nature de votre activit\u00e9s.<\/p><p>Sur demande, AssurLand vous accompagne \u00e9galement dans la revue de vos contrats existants afin d\u2019en identifier les points forts mais \u00e9galement les limites.<\/p><p>Au cot\u00e9 des d\u00e9partement Ressources Humaines et Mobilit\u00e9 internationale, nous apportons une expertise et une gamme de service compl\u00e8te pour pr\u00e9parer l\u2019expatriation de vos collaborateurs dans les meilleures conditions de protection sant\u00e9 et d\u2019assurance.<\/p>\t\t\t\t\t\t\t\t<\/div>\n\t\t\t\t<\/div>\n\t\t\t\t\t<\/div>\n\t\t<\/div>\n\t\t\t\t\t<\/div>\n\t\t<\/section>\n\t\t\t\t<\/div>\n\t\t","protected":false},"excerpt":{"rendered":"<p>Nos offres sur mesure s\u2019adaptent parfaitement aux entreprises et \u00e0 leurs collaborateurs permanents ou ponctuels. Chaque entreprise est unique. Plusieurs facteurs influence le choix de la meilleure police d\u2019assurance afin de couvrir les risque auxquelles elles pourrait \u00eatre expos\u00e9es et les sinistres qui en d\u00e9couleraient. Toutefois, bien souvent les tarifs \u00e9lev\u00e9s pay\u00e9s ne sont pas [&hellip;]<\/p>\n","protected":false},"author":1,"featured_media":0,"parent":0,"menu_order":0,"comment_status":"closed","ping_status":"closed","template":"","meta":{"_monsterinsights_skip_tracking":false,"_monsterinsights_sitenote_active":false,"_monsterinsights_sitenote_note":"","_monsterinsights_sitenote_category":0,"footnotes":""},"class_list":["post-18125","page","type-page","status-publish","hentry","without-image"],"aioseo_notices":[],"_links":{"self":[{"href":"https:\/\/assurexpat.com\/index.php\/wp-json\/wp\/v2\/pages\/18125","targetHints":{"allow":["GET"]}}],"collection":[{"href":"https:\/\/assurexpat.com\/index.php\/wp-json\/wp\/v2\/pages"}],"about":[{"href":"https:\/\/assurexpat.com\/index.php\/wp-json\/wp\/v2\/types\/page"}],"author":[{"embeddable":true,"href":"https:\/\/assurexpat.com\/index.php\/wp-json\/wp\/v2\/users\/1"}],"replies":[{"embeddable":true,"href":"https:\/\/assurexpat.com\/index.php\/wp-json\/wp\/v2\/comments?post=18125"}],"version-history":[{"count":13,"href":"https:\/\/assurexpat.com\/index.php\/wp-json\/wp\/v2\/pages\/18125\/revisions"}],"predecessor-version":[{"id":18339,"href":"https:\/\/assurexpat.com\/index.php\/wp-json\/wp\/v2\/pages\/18125\/revisions\/18339"}],"wp:attachment":[{"href":"https:\/\/assurexpat.com\/index.php\/wp-json\/wp\/v2\/media?parent=18125"}],"curies":[{"name":"wp","href":"https:\/\/api.w.org\/{rel}","templated":true}]}}