{"id":18123,"date":"2022-02-24T12:51:10","date_gmt":"2022-02-24T12:51:10","guid":{"rendered":"https:\/\/gestassur.net\/assur-expat\/test\/?page_id=18123"},"modified":"2022-07-21T12:55:03","modified_gmt":"2022-07-21T12:55:03","slug":"etudes-etranger","status":"publish","type":"page","link":"https:\/\/assurexpat.com\/index.php\/etudes-etranger\/","title":{"rendered":"Etudes \u00e0  l&#8217;\u00e9tranger"},"content":{"rendered":"\t\t<div data-elementor-type=\"wp-page\" data-elementor-id=\"18123\" class=\"elementor elementor-18123\">\n\t\t\t\t\t\t<section class=\"elementor-section elementor-top-section elementor-element elementor-element-d1582d3 elementor-section-stretched elementor-section-content-middle elementor-section-boxed elementor-section-height-default elementor-section-height-default cd-bg-color-transparent\" data-id=\"d1582d3\" data-element_type=\"section\" data-settings=\"{&quot;stretch_section&quot;:&quot;section-stretched&quot;}\">\n\t\t\t\t\t\t<div class=\"elementor-container elementor-column-gap-default\">\n\t\t\t\t\t<div class=\"elementor-column elementor-col-50 elementor-top-column elementor-element elementor-element-f7e6422 cd-bg-color-transparent\" data-id=\"f7e6422\" data-element_type=\"column\">\n\t\t\t<div class=\"elementor-widget-wrap elementor-element-populated\">\n\t\t\t\t\t\t<div class=\"elementor-element elementor-element-33f81e2 about-us elementor-widget elementor-widget-image\" data-id=\"33f81e2\" data-element_type=\"widget\" data-widget_type=\"image.default\">\n\t\t\t\t<div class=\"elementor-widget-container\">\n\t\t\t\t\t\t\t\t\t\t\t\t\t\t\t<img decoding=\"async\" src=\"https:\/\/assurexpat.com\/wp-content\/uploads\/elementor\/thumbs\/Assurance-etudes-a-letranger-r7rusydteqje2vkrocvuiog4xom8k5iegzhkkl6dis.jpg\" title=\"Assurance \u00e9tudes \u00e0 l\u2019\u00e9tranger\" alt=\"Assurance \u00e9tudes \u00e0 l\u2019\u00e9tranger\" loading=\"lazy\" \/>\t\t\t\t\t\t\t\t\t\t\t\t\t\t\t<\/div>\n\t\t\t\t<\/div>\n\t\t\t\t\t<\/div>\n\t\t<\/div>\n\t\t\t\t<div class=\"elementor-column elementor-col-50 elementor-top-column elementor-element elementor-element-7636556 cd-bg-color-transparent\" data-id=\"7636556\" data-element_type=\"column\">\n\t\t\t<div class=\"elementor-widget-wrap elementor-element-populated\">\n\t\t\t\t\t\t<div class=\"elementor-element elementor-element-5a318be elementor-widget elementor-widget-text-editor\" data-id=\"5a318be\" data-element_type=\"widget\" data-widget_type=\"text-editor.default\">\n\t\t\t\t<div class=\"elementor-widget-container\">\n\t\t\t\t\t\t\t\t\t<p>Le choix d\u2019une couverture de risques lors d\u2019un voyage ou d\u2019une expatriation implique la prise en compte de tr\u00e8s nombreux crit\u00e8res et AssurLand vous apporte son soutien dans la prise de d\u00e9cision afin de pouvoir\u00a0:<\/p><p>\u00a0 \u00a0\u2022 Naviguer \u00e0 travers un les offres de plus en plus complexes<br \/>\u00a0 \u00a0\u2022 Evaluer les crit\u00e8res de choix<br \/>\u00a0 \u00a0\u2022 Se projeter au-del\u00e0 des consid\u00e9rations court terme et rendre claire et\u00a0 \u00a0 \u00a0lisible les garanties couvertes<\/p><p>Le support conseil fait partie int\u00e9grante de l\u2019offre de AssurLand et n\u2019est pas factur\u00e9.<\/p>\t\t\t\t\t\t\t\t<\/div>\n\t\t\t\t<\/div>\n\t\t\t\t\t<\/div>\n\t\t<\/div>\n\t\t\t\t\t<\/div>\n\t\t<\/section>\n\t\t\t\t<\/div>\n\t\t","protected":false},"excerpt":{"rendered":"<p>Le choix d\u2019une couverture de risques lors d\u2019un voyage ou d\u2019une expatriation implique la prise en compte de tr\u00e8s nombreux crit\u00e8res et AssurLand vous apporte son soutien dans la prise de d\u00e9cision afin de pouvoir\u00a0: \u00a0 \u00a0\u2022 Naviguer \u00e0 travers un les offres de plus en plus complexes\u00a0 \u00a0\u2022 Evaluer les crit\u00e8res de choix\u00a0 \u00a0\u2022 [&hellip;]<\/p>\n","protected":false},"author":1,"featured_media":0,"parent":0,"menu_order":0,"comment_status":"closed","ping_status":"closed","template":"","meta":{"_monsterinsights_skip_tracking":false,"_monsterinsights_sitenote_active":false,"_monsterinsights_sitenote_note":"","_monsterinsights_sitenote_category":0,"footnotes":""},"class_list":["post-18123","page","type-page","status-publish","hentry","without-image"],"aioseo_notices":[],"_links":{"self":[{"href":"https:\/\/assurexpat.com\/index.php\/wp-json\/wp\/v2\/pages\/18123","targetHints":{"allow":["GET"]}}],"collection":[{"href":"https:\/\/assurexpat.com\/index.php\/wp-json\/wp\/v2\/pages"}],"about":[{"href":"https:\/\/assurexpat.com\/index.php\/wp-json\/wp\/v2\/types\/page"}],"author":[{"embeddable":true,"href":"https:\/\/assurexpat.com\/index.php\/wp-json\/wp\/v2\/users\/1"}],"replies":[{"embeddable":true,"href":"https:\/\/assurexpat.com\/index.php\/wp-json\/wp\/v2\/comments?post=18123"}],"version-history":[{"count":23,"href":"https:\/\/assurexpat.com\/index.php\/wp-json\/wp\/v2\/pages\/18123\/revisions"}],"predecessor-version":[{"id":18333,"href":"https:\/\/assurexpat.com\/index.php\/wp-json\/wp\/v2\/pages\/18123\/revisions\/18333"}],"wp:attachment":[{"href":"https:\/\/assurexpat.com\/index.php\/wp-json\/wp\/v2\/media?parent=18123"}],"curies":[{"name":"wp","href":"https:\/\/api.w.org\/{rel}","templated":true}]}}