{"id":18119,"date":"2022-02-24T12:50:14","date_gmt":"2022-02-24T12:50:14","guid":{"rendered":"https:\/\/gestassur.net\/assur-expat\/test\/?page_id=18119"},"modified":"2022-07-21T12:55:10","modified_gmt":"2022-07-21T12:55:10","slug":"expatriation","status":"publish","type":"page","link":"https:\/\/assurexpat.com\/index.php\/expatriation\/","title":{"rendered":"Expatriation"},"content":{"rendered":"\t\t<div data-elementor-type=\"wp-page\" data-elementor-id=\"18119\" class=\"elementor elementor-18119\">\n\t\t\t\t\t\t<section class=\"elementor-section elementor-top-section elementor-element elementor-element-12def06 elementor-section-stretched elementor-section-content-middle elementor-section-boxed elementor-section-height-default elementor-section-height-default cd-bg-color-transparent\" data-id=\"12def06\" data-element_type=\"section\" data-settings=\"{&quot;stretch_section&quot;:&quot;section-stretched&quot;}\">\n\t\t\t\t\t\t<div class=\"elementor-container elementor-column-gap-default\">\n\t\t\t\t\t<div class=\"elementor-column elementor-col-50 elementor-top-column elementor-element elementor-element-58351e2 cd-bg-color-transparent\" data-id=\"58351e2\" data-element_type=\"column\">\n\t\t\t<div class=\"elementor-widget-wrap elementor-element-populated\">\n\t\t\t\t\t\t<div class=\"elementor-element elementor-element-f437977 about-us elementor-widget elementor-widget-image\" data-id=\"f437977\" data-element_type=\"widget\" data-widget_type=\"image.default\">\n\t\t\t\t<div class=\"elementor-widget-container\">\n\t\t\t\t\t\t\t\t\t\t\t\t\t\t\t<img decoding=\"async\" src=\"https:\/\/assurexpat.com\/wp-content\/uploads\/elementor\/thumbs\/Image-expatriation-r7rusydteqje2vkrocvuiog4xom8k5iegzhkkl6dis.jpeg\" title=\"Image expatriation\" alt=\"Image expatriation\" loading=\"lazy\" \/>\t\t\t\t\t\t\t\t\t\t\t\t\t\t\t<\/div>\n\t\t\t\t<\/div>\n\t\t\t\t\t<\/div>\n\t\t<\/div>\n\t\t\t\t<div class=\"elementor-column elementor-col-50 elementor-top-column elementor-element elementor-element-e461769 cd-bg-color-transparent\" data-id=\"e461769\" data-element_type=\"column\">\n\t\t\t<div class=\"elementor-widget-wrap elementor-element-populated\">\n\t\t\t\t\t\t<div class=\"elementor-element elementor-element-e89e0d7 elementor-widget elementor-widget-text-editor\" data-id=\"e89e0d7\" data-element_type=\"widget\" data-widget_type=\"text-editor.default\">\n\t\t\t\t<div class=\"elementor-widget-container\">\n\t\t\t\t\t\t\t\t\t<p>Notre Assurance Expatriation s\u2019applique aux expatri\u00e9s\u00a0et de leurs ayants droit et couvre tous leurs frais de sant\u00e9 dans le monde.<\/p><p>Que vous soyez d\u00e9j\u00e0 expatri\u00e9 avec un besoin de couverture plus adapt\u00e9 \u00e0 votre mode de vie ou que vous envisagiez une expatriation, nos conseillers pourront vous apporter des solutions \u00e9tudi\u00e9es et adapt\u00e9es \u00e0 vos besoins.<\/p><p>Nos produits d\u2019assurances sont modulables et la gestion du suivi de vos demandes et remboursement est enti\u00e8rement digitalis\u00e9e.<\/p>\t\t\t\t\t\t\t\t<\/div>\n\t\t\t\t<\/div>\n\t\t\t\t\t<\/div>\n\t\t<\/div>\n\t\t\t\t\t<\/div>\n\t\t<\/section>\n\t\t\t\t<\/div>\n\t\t","protected":false},"excerpt":{"rendered":"<p>Notre Assurance Expatriation s\u2019applique aux expatri\u00e9s\u00a0et de leurs ayants droit et couvre tous leurs frais de sant\u00e9 dans le monde. Que vous soyez d\u00e9j\u00e0 expatri\u00e9 avec un besoin de couverture plus adapt\u00e9 \u00e0 votre mode de vie ou que vous envisagiez une expatriation, nos conseillers pourront vous apporter des solutions \u00e9tudi\u00e9es et adapt\u00e9es \u00e0 vos [&hellip;]<\/p>\n","protected":false},"author":1,"featured_media":0,"parent":0,"menu_order":0,"comment_status":"closed","ping_status":"closed","template":"","meta":{"_monsterinsights_skip_tracking":false,"_monsterinsights_sitenote_active":false,"_monsterinsights_sitenote_note":"","_monsterinsights_sitenote_category":0,"footnotes":""},"class_list":["post-18119","page","type-page","status-publish","hentry","without-image"],"aioseo_notices":[],"_links":{"self":[{"href":"https:\/\/assurexpat.com\/index.php\/wp-json\/wp\/v2\/pages\/18119","targetHints":{"allow":["GET"]}}],"collection":[{"href":"https:\/\/assurexpat.com\/index.php\/wp-json\/wp\/v2\/pages"}],"about":[{"href":"https:\/\/assurexpat.com\/index.php\/wp-json\/wp\/v2\/types\/page"}],"author":[{"embeddable":true,"href":"https:\/\/assurexpat.com\/index.php\/wp-json\/wp\/v2\/users\/1"}],"replies":[{"embeddable":true,"href":"https:\/\/assurexpat.com\/index.php\/wp-json\/wp\/v2\/comments?post=18119"}],"version-history":[{"count":31,"href":"https:\/\/assurexpat.com\/index.php\/wp-json\/wp\/v2\/pages\/18119\/revisions"}],"predecessor-version":[{"id":18336,"href":"https:\/\/assurexpat.com\/index.php\/wp-json\/wp\/v2\/pages\/18119\/revisions\/18336"}],"wp:attachment":[{"href":"https:\/\/assurexpat.com\/index.php\/wp-json\/wp\/v2\/media?parent=18119"}],"curies":[{"name":"wp","href":"https:\/\/api.w.org\/{rel}","templated":true}]}}