{"id":17575,"date":"2021-11-30T11:08:39","date_gmt":"2021-11-30T11:08:39","guid":{"rendered":"http:\/\/localhost\/test2\/?page_id=17575"},"modified":"2021-11-30T11:11:40","modified_gmt":"2021-11-30T11:11:40","slug":"gmc","status":"publish","type":"page","link":"https:\/\/assurexpat.com\/index.php\/gmc\/","title":{"rendered":"GMC"},"content":{"rendered":"\t\t<div data-elementor-type=\"wp-page\" data-elementor-id=\"17575\" class=\"elementor elementor-17575\">\n\t\t\t\t\t\t<section class=\"elementor-section elementor-top-section elementor-element elementor-element-75f40d5 elementor-section-boxed elementor-section-height-default elementor-section-height-default cd-bg-color-transparent\" data-id=\"75f40d5\" data-element_type=\"section\">\n\t\t\t\t\t\t<div class=\"elementor-container elementor-column-gap-default\">\n\t\t\t\t\t<div class=\"elementor-column elementor-col-100 elementor-top-column elementor-element elementor-element-f02c665 cd-bg-color-transparent\" data-id=\"f02c665\" data-element_type=\"column\">\n\t\t\t<div class=\"elementor-widget-wrap elementor-element-populated\">\n\t\t\t\t\t\t<div class=\"elementor-element elementor-element-b8528a7 elementor-widget elementor-widget-text-editor\" data-id=\"b8528a7\" data-element_type=\"widget\" data-widget_type=\"text-editor.default\">\n\t\t\t\t<div class=\"elementor-widget-container\">\n\t\t\t\t\t\t\t\t\t<div class=\"wrapper\"><div class=\"box\"><h5>LA GARANTIE M\u00c9DICALE ET CHIRURGICALE<\/h5><div class=\"box\"><p>La Garantie M\u00e9dicale et Chirurgicale (la GMC), cr\u00e9\u00e9e en 1947 par Ernest DUFFO qui propose aux entreprises des r\u00e9gimes modulaires de couverture m\u00e9dicale.La Garantie M\u00e9dicale et Chirurgicale (la GMC), cr\u00e9\u00e9e en 1947 par Ernest DUFFO qui propose aux entreprises des r\u00e9gimes modulaires de couverture m\u00e9dicale.<\/p><\/div><div class=\"wrapper\"><p>C&#8217;est en 1964 que le\u00a0<strong>Groupe HENNER<\/strong> commence \u00e0 prendre forme lorsque, sous l&#8217;impulsion f\u00e9d\u00e9rative de R\u00e9my ROBINET-DUFFO, plusieurs associations et soci\u00e9t\u00e9s qui jusque l\u00e0 \u00e9taient ind\u00e9pendantes les unes des autres mais avaient comme objet commun, la protection des personnes et des familles.<\/p><\/div><\/div><\/div>\t\t\t\t\t\t\t\t<\/div>\n\t\t\t\t<\/div>\n\t\t\t\t\t<\/div>\n\t\t<\/div>\n\t\t\t\t\t<\/div>\n\t\t<\/section>\n\t\t\t\t<section class=\"elementor-section elementor-top-section elementor-element elementor-element-c6d42b7 elementor-section-boxed elementor-section-height-default elementor-section-height-default cd-bg-color-transparent\" data-id=\"c6d42b7\" data-element_type=\"section\">\n\t\t\t\t\t\t<div class=\"elementor-container elementor-column-gap-default\">\n\t\t\t\t\t<div class=\"elementor-column elementor-col-100 elementor-top-column elementor-element elementor-element-0136a20 cd-bg-color-transparent\" data-id=\"0136a20\" data-element_type=\"column\">\n\t\t\t<div class=\"elementor-widget-wrap elementor-element-populated\">\n\t\t\t\t\t\t<div class=\"elementor-element elementor-element-0497156 elementor-widget elementor-widget-text-editor\" data-id=\"0497156\" data-element_type=\"widget\" data-widget_type=\"text-editor.default\">\n\t\t\t\t<div class=\"elementor-widget-container\">\n\t\t\t\t\t\t\t\t\t<div><div><h5>EXPAT DUO<\/h5><div>\u00a0<\/div><\/div><\/div>\t\t\t\t\t\t\t\t<\/div>\n\t\t\t\t<\/div>\n\t\t\t\t<div class=\"elementor-element elementor-element-41ec490 elementor-widget elementor-widget-hkangles-infobox\" data-id=\"41ec490\" data-element_type=\"widget\" data-widget_type=\"hkangles-infobox.default\">\n\t\t\t\t<div class=\"elementor-widget-container\">\n\t\t\t\t\t\t\t<div class=\"hkangles-elementor-widgethkangles_infobox_wrapper infobox-style-5 hkangles-infobox845537138 icon-type-font\">\n\t\t\t<div class=\"hkangles-infobox-wrapper\">\n\t\t\t\t\t<div class=\"hkangles-infobox-icon\"><i aria-hidden=\"true\" class=\"flaticon flaticon-check-mark\"><\/i><\/div>\n\t\t\t\t\t<div class=\"hkangles-infobox-content justify-content-center align-self-center\">\n\t\t\t\t\t<h3 class=\"hkangles-infobox-title\"><div style=\"font-size:18px;line-height:22px\">Compl\u00e9mentaire \u00e0 la CFE<\/div><\/h3>\n\t\t\t\t\t\t<div class=\"hkangles-infobox-text\"><div style=\"font-size:14px;line-height:22px;\">\n\n<div style=\"margin-top:10px\">Produit complet offrant plusieurs niveaux de garantie, pour s'adapter \u00e0 chaque situation.\n\nGaranties:.<\/div>\n<div style=\"margin-left:10px;margin-top:10px\">\n<div>-  Frais de Sant\u00e9 (4 niveaux de garanties).<\/div>\n<div>- Assistance et Rapatriement Sanitaire.<\/div>\n<div>- D\u00e9c\u00e8s \/ Invalidit\u00e9 Absolue et D\u00e9finitive.<\/div>\n<div>- Invalidit\u00e9 Totale ou Partielle.<\/div>\n<div>- Arr\u00eat de Travail.<\/div>\n<div>-  Rente Education.<\/div>\n<div>- Responsabilit\u00e9 Civile.<\/div>\n<\/div>\n<div  style=\"margin-top:10px\">Tarification : selon l'\u00e2ge des assur\u00e9s.<\/div>\n <br>\n<a href=\"\" target=\"_blank\" style=\"background-color: #25cdc7;padding: 10px;color:#fff;display:none\">DEMANDER UN DEVIS<\/a>\n\n<\/div><\/div>\n\t\t\t\t\t\t<\/div>\n<\/div>\t\t<\/div>\n\t\t\t\t\t\t<\/div>\n\t\t\t\t<\/div>\n\t\t\t\t\t<\/div>\n\t\t<\/div>\n\t\t\t\t\t<\/div>\n\t\t<\/section>\n\t\t\t\t<section class=\"elementor-section elementor-top-section elementor-element elementor-element-23bbde0 elementor-section-boxed elementor-section-height-default elementor-section-height-default cd-bg-color-transparent\" data-id=\"23bbde0\" data-element_type=\"section\">\n\t\t\t\t\t\t<div class=\"elementor-container elementor-column-gap-default\">\n\t\t\t\t\t<div class=\"elementor-column elementor-col-100 elementor-top-column elementor-element elementor-element-88bd636 cd-bg-color-transparent\" data-id=\"88bd636\" data-element_type=\"column\">\n\t\t\t<div class=\"elementor-widget-wrap elementor-element-populated\">\n\t\t\t\t\t\t<div class=\"elementor-element elementor-element-26e307d elementor-widget elementor-widget-text-editor\" data-id=\"26e307d\" data-element_type=\"widget\" data-widget_type=\"text-editor.default\">\n\t\t\t\t<div class=\"elementor-widget-container\">\n\t\t\t\t\t\t\t\t\t<div><div><h5>EXPAT UNO<\/h5><div>\u00a0<\/div><\/div><\/div>\t\t\t\t\t\t\t\t<\/div>\n\t\t\t\t<\/div>\n\t\t\t\t<div class=\"elementor-element elementor-element-2b79190 elementor-widget elementor-widget-hkangles-infobox\" data-id=\"2b79190\" data-element_type=\"widget\" data-widget_type=\"hkangles-infobox.default\">\n\t\t\t\t<div class=\"elementor-widget-container\">\n\t\t\t\t\t\t\t<div class=\"hkangles-elementor-widgethkangles_infobox_wrapper infobox-style-5 hkangles-infobox915235857 icon-type-font\">\n\t\t\t<div class=\"hkangles-infobox-wrapper\">\n\t\t\t\t\t<div class=\"hkangles-infobox-icon\"><i aria-hidden=\"true\" class=\"flaticon flaticon-check-mark\"><\/i><\/div>\n\t\t\t\t\t<div class=\"hkangles-infobox-content justify-content-center align-self-center\">\n\t\t\t\t\t<h3 class=\"hkangles-infobox-title\"><div style=\"font-size:18px;line-height:22px\">1er Euro<\/div><\/h3>\n\t\t\t\t\t\t<div class=\"hkangles-infobox-text\"><div style=\"font-size:14px;line-height:22px;\">\n\n<div style=\"margin-top:10px\">Produit complet offrant plusieurs niveaux de garantie, pour s'adapter \u00e0 chaque situation.\n\nGaranties:<\/div>\n<div style=\"margin-left:10px;margin-top:10px\">\n<div>-  Frais de Sant\u00e9 (4 niveaux de garanties).<\/div>\n<div>- Assistance et Rapatriement Sanitaire.<\/div>\n<div>- D\u00e9c\u00e8s \/ Invalidit\u00e9 Absolue et D\u00e9finitive.<\/div>\n<div>- Invalidit\u00e9 Totale ou Partielle.<\/div>\n<div>- Arr\u00eat de Travail.<\/div>\n<div>-  Rente Education.<\/div>\n<\/div>\n<div  style=\"margin-top:10px\">Tarification : selon l'\u00e2ge des assur\u00e9s.<\/div>\n<br>\n<a href=\"\" target=\"_blank\" style=\"background-color: #25cdc7;padding: 10px;color:#fff;display:none\">DEMANDER UN DEVIS<\/a>\n\n<\/div><\/div>\n\t\t\t\t\t\t<\/div>\n<\/div>\t\t<\/div>\n\t\t\t\t\t\t<\/div>\n\t\t\t\t<\/div>\n\t\t\t\t\t<\/div>\n\t\t<\/div>\n\t\t\t\t\t<\/div>\n\t\t<\/section>\n\t\t\t\t<\/div>\n\t\t","protected":false},"excerpt":{"rendered":"<p>LA GARANTIE M\u00c9DICALE ET CHIRURGICALE La Garantie M\u00e9dicale et Chirurgicale (la GMC), cr\u00e9\u00e9e en 1947 par Ernest DUFFO qui propose aux entreprises des r\u00e9gimes modulaires de couverture m\u00e9dicale.La Garantie M\u00e9dicale et Chirurgicale (la GMC), cr\u00e9\u00e9e en 1947 par Ernest DUFFO qui propose aux entreprises des r\u00e9gimes modulaires de couverture m\u00e9dicale. C&#8217;est en 1964 que le\u00a0Groupe [&hellip;]<\/p>\n","protected":false},"author":1,"featured_media":0,"parent":0,"menu_order":0,"comment_status":"closed","ping_status":"closed","template":"","meta":{"_monsterinsights_skip_tracking":false,"_monsterinsights_sitenote_active":false,"_monsterinsights_sitenote_note":"","_monsterinsights_sitenote_category":0,"footnotes":""},"class_list":["post-17575","page","type-page","status-publish","hentry","without-image"],"aioseo_notices":[],"_links":{"self":[{"href":"https:\/\/assurexpat.com\/index.php\/wp-json\/wp\/v2\/pages\/17575","targetHints":{"allow":["GET"]}}],"collection":[{"href":"https:\/\/assurexpat.com\/index.php\/wp-json\/wp\/v2\/pages"}],"about":[{"href":"https:\/\/assurexpat.com\/index.php\/wp-json\/wp\/v2\/types\/page"}],"author":[{"embeddable":true,"href":"https:\/\/assurexpat.com\/index.php\/wp-json\/wp\/v2\/users\/1"}],"replies":[{"embeddable":true,"href":"https:\/\/assurexpat.com\/index.php\/wp-json\/wp\/v2\/comments?post=17575"}],"version-history":[{"count":3,"href":"https:\/\/assurexpat.com\/index.php\/wp-json\/wp\/v2\/pages\/17575\/revisions"}],"predecessor-version":[{"id":17578,"href":"https:\/\/assurexpat.com\/index.php\/wp-json\/wp\/v2\/pages\/17575\/revisions\/17578"}],"wp:attachment":[{"href":"https:\/\/assurexpat.com\/index.php\/wp-json\/wp\/v2\/media?parent=17575"}],"curies":[{"name":"wp","href":"https:\/\/api.w.org\/{rel}","templated":true}]}}