{"id":17534,"date":"2021-11-29T12:59:07","date_gmt":"2021-11-29T12:59:07","guid":{"rendered":"http:\/\/localhost\/test2\/?page_id=17534"},"modified":"2021-12-13T13:44:36","modified_gmt":"2021-12-13T13:44:36","slug":"msh","status":"publish","type":"page","link":"https:\/\/assurexpat.com\/index.php\/msh\/","title":{"rendered":"MSH"},"content":{"rendered":"\t\t<div data-elementor-type=\"wp-page\" data-elementor-id=\"17534\" class=\"elementor elementor-17534\">\n\t\t\t\t\t\t<section class=\"elementor-section elementor-top-section elementor-element elementor-element-c9896b9 elementor-section-boxed elementor-section-height-default elementor-section-height-default cd-bg-color-transparent\" data-id=\"c9896b9\" data-element_type=\"section\">\n\t\t\t\t\t\t<div class=\"elementor-container elementor-column-gap-default\">\n\t\t\t\t\t<div class=\"elementor-column elementor-col-100 elementor-top-column elementor-element elementor-element-03bed06 cd-bg-color-transparent\" data-id=\"03bed06\" data-element_type=\"column\">\n\t\t\t<div class=\"elementor-widget-wrap elementor-element-populated\">\n\t\t\t\t\t\t<div class=\"elementor-element elementor-element-a316ef1 elementor-widget elementor-widget-text-editor\" data-id=\"a316ef1\" data-element_type=\"widget\" data-widget_type=\"text-editor.default\">\n\t\t\t\t<div class=\"elementor-widget-container\">\n\t\t\t\t\t\t\t\t\t<div>\n<div>\n<p>MSH cr\u00e9\u00e9e en 1974 sa vocation, est d&#8217;apporter des solutions \u00e0 tous les expatri\u00e9s dans le monde entier en mati\u00e8re de couverture sant\u00e9, pr\u00e9voyance, assistance m\u00e9dicale\/ rapatriement, et responsabilit\u00e9 civile<\/p>\n<\/div>\n<\/div>\t\t\t\t\t\t\t\t<\/div>\n\t\t\t\t<\/div>\n\t\t\t\t\t<\/div>\n\t\t<\/div>\n\t\t\t\t\t<\/div>\n\t\t<\/section>\n\t\t\t\t<section class=\"elementor-section elementor-top-section elementor-element elementor-element-4fd075d elementor-section-boxed elementor-section-height-default elementor-section-height-default cd-bg-color-transparent\" data-id=\"4fd075d\" data-element_type=\"section\">\n\t\t\t\t\t\t<div class=\"elementor-container elementor-column-gap-default\">\n\t\t\t\t\t<div class=\"elementor-column elementor-col-100 elementor-top-column elementor-element elementor-element-f286826 cd-bg-color-transparent\" data-id=\"f286826\" data-element_type=\"column\">\n\t\t\t<div class=\"elementor-widget-wrap elementor-element-populated\">\n\t\t\t\t\t\t<div class=\"elementor-element elementor-element-8c4ef66 elementor-widget elementor-widget-heading\" data-id=\"8c4ef66\" data-element_type=\"widget\" data-widget_type=\"heading.default\">\n\t\t\t\t<div class=\"elementor-widget-container\">\n\t\t\t\t\t<h4 class=\"elementor-heading-title elementor-size-default\">Les Offres<\/h4>\t\t\t\t<\/div>\n\t\t\t\t<\/div>\n\t\t\t\t\t<\/div>\n\t\t<\/div>\n\t\t\t\t\t<\/div>\n\t\t<\/section>\n\t\t\t\t<section class=\"elementor-section elementor-top-section elementor-element elementor-element-0c2b75e elementor-section-boxed elementor-section-height-default elementor-section-height-default cd-bg-color-transparent\" data-id=\"0c2b75e\" data-element_type=\"section\">\n\t\t\t\t\t\t<div class=\"elementor-container elementor-column-gap-default\">\n\t\t\t\t\t<div class=\"elementor-column elementor-col-100 elementor-top-column elementor-element elementor-element-60861db cd-bg-color-transparent\" data-id=\"60861db\" data-element_type=\"column\">\n\t\t\t<div class=\"elementor-widget-wrap elementor-element-populated\">\n\t\t\t\t\t\t<div class=\"elementor-element elementor-element-bf3277a elementor-widget elementor-widget-hkangles-infobox\" data-id=\"bf3277a\" data-element_type=\"widget\" data-widget_type=\"hkangles-infobox.default\">\n\t\t\t\t<div class=\"elementor-widget-container\">\n\t\t\t\t\t\t\t<div class=\"hkangles-elementor-widgethkangles_infobox_wrapper infobox-style-5 hkangles-infobox1814509000 icon-type-font\">\n\t\t\t<div class=\"hkangles-infobox-wrapper\">\n\t\t\t\t\t<div class=\"hkangles-infobox-icon\"><i aria-hidden=\"true\" class=\"flaticon flaticon-check-mark\"><\/i><\/div>\n\t\t\t\t\t<div class=\"hkangles-infobox-content justify-content-center align-self-center\">\n\t\t\t\t\t<h3 class=\"hkangles-infobox-title\"><div style=\"font-size:16px;line-height:25px\">Relais' Expat<\/div><\/h3>\n\t\t\t\t\t\t<div class=\"hkangles-infobox-text\"><div style=\"font-size:14px;line-height:18px\">\nVous souhaitez adh\u00e9rer \u00e0 la CFE ou \u00eates rattach\u00e9 \u00e0 la s\u00e9curit\u00e9 sociale fran\u00e7aise, optez pour nos formules d'assurance compl\u00e9mentaire.\n<br><br>\n<a href=\"https:\/\/individualquote.msh-intl.com\/client.php?code=412489952&produit=relaisexpat-firstexpat-startexpat&lang=fr&devise=euro\" target=\"_blank\" style=\"background-color: #1798ca;padding: 10px;color:#fff;\" class=\"elementor-animation-wobble-bottom\">DEVIS\/ADH\u00c9SION<\/a>\n\n\n\n<\/div>\n\n<\/div>\n\t\t\t\t\t\t<\/div>\n<\/div>\t\t<\/div>\n\t\t\t\t\t\t<\/div>\n\t\t\t\t<\/div>\n\t\t\t\t<div class=\"elementor-element elementor-element-f0f309c elementor-widget elementor-widget-hkangles-infobox\" data-id=\"f0f309c\" data-element_type=\"widget\" data-widget_type=\"hkangles-infobox.default\">\n\t\t\t\t<div class=\"elementor-widget-container\">\n\t\t\t\t\t\t\t<div class=\"hkangles-elementor-widgethkangles_infobox_wrapper infobox-style-5 hkangles-infobox660035545 icon-type-font\">\n\t\t\t<div class=\"hkangles-infobox-wrapper\">\n\t\t\t\t\t<div class=\"hkangles-infobox-icon\"><i aria-hidden=\"true\" class=\"flaticon flaticon-check-mark\"><\/i><\/div>\n\t\t\t\t\t<div class=\"hkangles-infobox-content justify-content-center align-self-center\">\n\t\t\t\t\t<h3 class=\"hkangles-infobox-title\"><div style=\"font-size:16px;line-height:25px\">Plus de 1 000 entreprises\n<\/div><\/h3>\n\t\t\t\t\t\t<div class=\"hkangles-infobox-text\"><div style=\"font-size:14px;line-height:22px\">\n- Clientes pme, pmi, groupes internationaux bas\u00e9s dans le monde entier parmi lesquels : Groupe Bourbon, Groupe Newrest, Orangina, Sanef, Alinea, TPSMI, RTE, Foraco, \u2026\n\n<br><br>\n<a href=\"https:\/\/individualquote.msh-intl.com\/client.php?code=412489952&produit=relaisexpat-firstexpat-startexpat&lang=fr&devise=euro\" target=\"_blank\" style=\"background-color: #1798ca;padding: 10px;color:#fff;\" class=\"elementor-animation-wobble-bottom\">DEVIS\/ADH\u00c9SION<\/a>\n\n<\/div><\/div>\n\t\t\t\t\t\t<\/div>\n<\/div>\t\t<\/div>\n\t\t\t\t\t\t<\/div>\n\t\t\t\t<\/div>\n\t\t\t\t<div class=\"elementor-element elementor-element-e9012f6 elementor-widget elementor-widget-hkangles-infobox\" data-id=\"e9012f6\" data-element_type=\"widget\" data-widget_type=\"hkangles-infobox.default\">\n\t\t\t\t<div class=\"elementor-widget-container\">\n\t\t\t\t\t\t\t<div class=\"hkangles-elementor-widgethkangles_infobox_wrapper infobox-style-5 hkangles-infobox1786399927 icon-type-font\">\n\t\t\t<div class=\"hkangles-infobox-wrapper\">\n\t\t\t\t\t<div class=\"hkangles-infobox-icon\"><i aria-hidden=\"true\" class=\"flaticon flaticon-check-mark\"><\/i><\/div>\n\t\t\t\t\t<div class=\"hkangles-infobox-content justify-content-center align-self-center\">\n\t\t\t\t\t<h3 class=\"hkangles-infobox-title\"><div style=\"font-size:16px;line-height:25px\">Plus de 20 000 etudiants\n\n<\/div><\/h3>\n\t\t\t\t\t\t<div class=\"hkangles-infobox-text\"><div style=\"font-size:14px;line-height:22px\">\n- Assur\u00e9s par an, en sant\u00e9, assistance rapatriement et RC vie priv\u00e9e\n\n<br><br>\n<a href=\"https:\/\/individualquote.msh-intl.com\/client.php?code=412489952&produit=relaisexpat-firstexpat-startexpat&lang=fr&devise=euro\" target=\"_blank\" style=\"background-color: #1798ca;padding: 10px;color:#fff;\" class=\"elementor-animation-wobble-bottom\">DEVIS\/ADH\u00c9SION<\/a>\n\n<\/div><\/div>\n\t\t\t\t\t\t<\/div>\n<\/div>\t\t<\/div>\n\t\t\t\t\t\t<\/div>\n\t\t\t\t<\/div>\n\t\t\t\t\t<\/div>\n\t\t<\/div>\n\t\t\t\t\t<\/div>\n\t\t<\/section>\n\t\t\t\t<\/div>\n\t\t","protected":false},"excerpt":{"rendered":"<p>MSH cr\u00e9\u00e9e en 1974 sa vocation, est d&#8217;apporter des solutions \u00e0 tous les expatri\u00e9s dans le monde entier en mati\u00e8re de couverture sant\u00e9, pr\u00e9voyance, assistance m\u00e9dicale\/ rapatriement, et responsabilit\u00e9 civile Les Offres Relais&#8217; Expat Vous souhaitez adh\u00e9rer \u00e0 la CFE ou \u00eates rattach\u00e9 \u00e0 la s\u00e9curit\u00e9 sociale fran\u00e7aise, optez pour nos formules d&#8217;assurance compl\u00e9mentaire. DEVIS\/ADH\u00c9SION [&hellip;]<\/p>\n","protected":false},"author":1,"featured_media":0,"parent":0,"menu_order":0,"comment_status":"closed","ping_status":"closed","template":"","meta":{"_monsterinsights_skip_tracking":false,"_monsterinsights_sitenote_active":false,"_monsterinsights_sitenote_note":"","_monsterinsights_sitenote_category":0,"footnotes":""},"class_list":["post-17534","page","type-page","status-publish","hentry","without-image"],"aioseo_notices":[],"_links":{"self":[{"href":"https:\/\/assurexpat.com\/index.php\/wp-json\/wp\/v2\/pages\/17534","targetHints":{"allow":["GET"]}}],"collection":[{"href":"https:\/\/assurexpat.com\/index.php\/wp-json\/wp\/v2\/pages"}],"about":[{"href":"https:\/\/assurexpat.com\/index.php\/wp-json\/wp\/v2\/types\/page"}],"author":[{"embeddable":true,"href":"https:\/\/assurexpat.com\/index.php\/wp-json\/wp\/v2\/users\/1"}],"replies":[{"embeddable":true,"href":"https:\/\/assurexpat.com\/index.php\/wp-json\/wp\/v2\/comments?post=17534"}],"version-history":[{"count":19,"href":"https:\/\/assurexpat.com\/index.php\/wp-json\/wp\/v2\/pages\/17534\/revisions"}],"predecessor-version":[{"id":17878,"href":"https:\/\/assurexpat.com\/index.php\/wp-json\/wp\/v2\/pages\/17534\/revisions\/17878"}],"wp:attachment":[{"href":"https:\/\/assurexpat.com\/index.php\/wp-json\/wp\/v2\/media?parent=17534"}],"curies":[{"name":"wp","href":"https:\/\/api.w.org\/{rel}","templated":true}]}}