{"id":17505,"date":"2021-11-29T12:37:15","date_gmt":"2021-11-29T12:37:15","guid":{"rendered":"http:\/\/localhost\/test2\/?page_id=17505"},"modified":"2021-11-29T12:48:14","modified_gmt":"2021-11-29T12:48:14","slug":"asur-travel","status":"publish","type":"page","link":"https:\/\/assurexpat.com\/index.php\/asur-travel\/","title":{"rendered":"Asur travel"},"content":{"rendered":"\t\t<div data-elementor-type=\"wp-page\" data-elementor-id=\"17505\" class=\"elementor elementor-17505\">\n\t\t\t\t\t\t<section class=\"elementor-section elementor-top-section elementor-element elementor-element-4f8761f elementor-section-boxed elementor-section-height-default elementor-section-height-default cd-bg-color-transparent\" data-id=\"4f8761f\" data-element_type=\"section\">\n\t\t\t\t\t\t<div class=\"elementor-container elementor-column-gap-default\">\n\t\t\t\t\t<div class=\"elementor-column elementor-col-100 elementor-top-column elementor-element elementor-element-b2053fc cd-bg-color-transparent\" data-id=\"b2053fc\" data-element_type=\"column\">\n\t\t\t<div class=\"elementor-widget-wrap elementor-element-populated\">\n\t\t\t\t\t\t<div class=\"elementor-element elementor-element-7ef8f8b elementor-widget elementor-widget-text-editor\" data-id=\"7ef8f8b\" data-element_type=\"widget\" data-widget_type=\"text-editor.default\">\n\t\t\t\t<div class=\"elementor-widget-container\">\n\t\t\t\t\t\t\t\t\t<p class=\"v7\">Pour voyager en toute s\u00e9curit\u00e9, faites-nous confiance et optez pour une assurance personnalis\u00e9e<\/p>\t\t\t\t\t\t\t\t<\/div>\n\t\t\t\t<\/div>\n\t\t\t\t\t<\/div>\n\t\t<\/div>\n\t\t\t\t\t<\/div>\n\t\t<\/section>\n\t\t\t\t<section class=\"elementor-section elementor-top-section elementor-element elementor-element-ff503fd elementor-section-boxed elementor-section-height-default elementor-section-height-default cd-bg-color-transparent\" data-id=\"ff503fd\" data-element_type=\"section\">\n\t\t\t\t\t\t<div class=\"elementor-container elementor-column-gap-default\">\n\t\t\t\t\t<div class=\"elementor-column elementor-col-100 elementor-top-column elementor-element elementor-element-1edb7c1 cd-bg-color-transparent\" data-id=\"1edb7c1\" data-element_type=\"column\">\n\t\t\t<div class=\"elementor-widget-wrap elementor-element-populated\">\n\t\t\t\t\t\t<div class=\"elementor-element elementor-element-2223738 elementor-widget elementor-widget-heading\" data-id=\"2223738\" data-element_type=\"widget\" data-widget_type=\"heading.default\">\n\t\t\t\t<div class=\"elementor-widget-container\">\n\t\t\t\t\t<h4 class=\"elementor-heading-title elementor-size-default\">ASSUR-TRAVEL, en quelques donn\u00e9es, c'est :<\/h4>\t\t\t\t<\/div>\n\t\t\t\t<\/div>\n\t\t\t\t<div class=\"elementor-element elementor-element-5ca80ac elementor-widget elementor-widget-text-editor\" data-id=\"5ca80ac\" data-element_type=\"widget\" data-widget_type=\"text-editor.default\">\n\t\t\t\t<div class=\"elementor-widget-container\">\n\t\t\t\t\t\t\t\t\t<p>APRIL International (anciennement APRIL Mobilit\u00e9) est depuis plus de 30 ans le&nbsp;<strong>sp\u00e9cialiste de la protection sociale des personnes vivant hors de leur pays de nationalit\u00e9<\/strong>, pour des s\u00e9jours de courte ou longue dur\u00e9e.<\/p>\t\t\t\t\t\t\t\t<\/div>\n\t\t\t\t<\/div>\n\t\t\t\t\t<\/div>\n\t\t<\/div>\n\t\t\t\t\t<\/div>\n\t\t<\/section>\n\t\t\t\t<section class=\"elementor-section elementor-top-section elementor-element elementor-element-ec12fe0 elementor-section-boxed elementor-section-height-default elementor-section-height-default cd-bg-color-transparent\" data-id=\"ec12fe0\" data-element_type=\"section\">\n\t\t\t\t\t\t<div class=\"elementor-container elementor-column-gap-default\">\n\t\t\t\t\t<div class=\"elementor-column elementor-col-100 elementor-top-column elementor-element elementor-element-3c560fe cd-bg-color-transparent\" data-id=\"3c560fe\" data-element_type=\"column\">\n\t\t\t<div class=\"elementor-widget-wrap elementor-element-populated\">\n\t\t\t\t\t\t<div class=\"elementor-element elementor-element-45f42f2 elementor-widget elementor-widget-hkangles-infobox\" data-id=\"45f42f2\" data-element_type=\"widget\" data-widget_type=\"hkangles-infobox.default\">\n\t\t\t\t<div class=\"elementor-widget-container\">\n\t\t\t\t\t\t\t<div class=\"hkangles-elementor-widgethkangles_infobox_wrapper infobox-style-5 hkangles-infobox2114809981 icon-type-font\">\n\t\t\t<div class=\"hkangles-infobox-wrapper\">\n\t\t\t\t\t<div class=\"hkangles-infobox-icon\"><i aria-hidden=\"true\" class=\"flaticon flaticon-check-mark\"><\/i><\/div>\n\t\t\t\t\t<div class=\"hkangles-infobox-content justify-content-center align-self-center\">\n\t\t\t\t\t<h3 class=\"hkangles-infobox-title\"><div style=\"font-size:14px;line-height:22px\">Plus de 1 000 000 voyageurs<\/div><\/h3>\n\t\t\t\t\t\t<div class=\"hkangles-infobox-text\"><div style=\"font-size:14px;line-height:18px\">\n- Assur\u00e9s par an, en assistance rapatriement, annulation de voyage, frais de sant\u00e9,\nRC vie priv\u00e9e, individuelle accident, assurance bagages\u2026\n\n<\/div>\n\n<\/div>\n\t\t\t\t\t\t<\/div>\n<\/div>\t\t<\/div>\n\t\t\t\t\t\t<\/div>\n\t\t\t\t<\/div>\n\t\t\t\t<div class=\"elementor-element elementor-element-d74e3f3 elementor-widget elementor-widget-hkangles-infobox\" data-id=\"d74e3f3\" data-element_type=\"widget\" data-widget_type=\"hkangles-infobox.default\">\n\t\t\t\t<div class=\"elementor-widget-container\">\n\t\t\t\t\t\t\t<div class=\"hkangles-elementor-widgethkangles_infobox_wrapper infobox-style-5 hkangles-infobox1057054529 icon-type-font\">\n\t\t\t<div class=\"hkangles-infobox-wrapper\">\n\t\t\t\t\t<div class=\"hkangles-infobox-icon\"><i aria-hidden=\"true\" class=\"flaticon flaticon-check-mark\"><\/i><\/div>\n\t\t\t\t\t<div class=\"hkangles-infobox-content justify-content-center align-self-center\">\n\t\t\t\t\t<h3 class=\"hkangles-infobox-title\"><div style=\"font-size:14px;line-height:22px\">Plus de 7 000 expatries de toutes nationalites\n<\/div><\/h3>\n\t\t\t\t\t\t<div class=\"hkangles-infobox-text\"><div style=\"font-size:14px;line-height:22px\">\n- Assur\u00e9s en sant\u00e9, pr\u00e9voyance, assistance\n<\/div><\/div>\n\t\t\t\t\t\t<\/div>\n<\/div>\t\t<\/div>\n\t\t\t\t\t\t<\/div>\n\t\t\t\t<\/div>\n\t\t\t\t<div class=\"elementor-element elementor-element-08b8eee elementor-widget elementor-widget-hkangles-infobox\" data-id=\"08b8eee\" data-element_type=\"widget\" data-widget_type=\"hkangles-infobox.default\">\n\t\t\t\t<div class=\"elementor-widget-container\">\n\t\t\t\t\t\t\t<div class=\"hkangles-elementor-widgethkangles_infobox_wrapper infobox-style-5 hkangles-infobox858514282 icon-type-font\">\n\t\t\t<div class=\"hkangles-infobox-wrapper\">\n\t\t\t\t\t<div class=\"hkangles-infobox-icon\"><i aria-hidden=\"true\" class=\"flaticon flaticon-check-mark\"><\/i><\/div>\n\t\t\t\t\t<div class=\"hkangles-infobox-content justify-content-center align-self-center\">\n\t\t\t\t\t<h3 class=\"hkangles-infobox-title\"><div style=\"font-size:14px;line-height:22px\">Plus de 1 000 entreprises\n<\/div><\/h3>\n\t\t\t\t\t\t<div class=\"hkangles-infobox-text\"><div style=\"font-size:14px;line-height:22px\">\n- Clientes pme, pmi, groupes internationaux bas\u00e9s dans le monde entier parmi lesquels : Groupe Bourbon, Groupe Newrest, Orangina, Sanef, Alinea, TPSMI, RTE, Foraco, \u2026\n\n\n\n<\/div><\/div>\n\t\t\t\t\t\t<\/div>\n<\/div>\t\t<\/div>\n\t\t\t\t\t\t<\/div>\n\t\t\t\t<\/div>\n\t\t\t\t<div class=\"elementor-element elementor-element-8c2f2f2 elementor-widget elementor-widget-hkangles-infobox\" data-id=\"8c2f2f2\" data-element_type=\"widget\" data-widget_type=\"hkangles-infobox.default\">\n\t\t\t\t<div class=\"elementor-widget-container\">\n\t\t\t\t\t\t\t<div class=\"hkangles-elementor-widgethkangles_infobox_wrapper infobox-style-5 hkangles-infobox290736891 icon-type-font\">\n\t\t\t<div class=\"hkangles-infobox-wrapper\">\n\t\t\t\t\t<div class=\"hkangles-infobox-icon\"><i aria-hidden=\"true\" class=\"flaticon flaticon-check-mark\"><\/i><\/div>\n\t\t\t\t\t<div class=\"hkangles-infobox-content justify-content-center align-self-center\">\n\t\t\t\t\t<h3 class=\"hkangles-infobox-title\"><div style=\"font-size:14px;line-height:22px\">Plus de 20 000 etudiants\n\n<\/div><\/h3>\n\t\t\t\t\t\t<div class=\"hkangles-infobox-text\"><div style=\"font-size:14px;line-height:22px\">\n- Assur\u00e9s par an, en sant\u00e9, assistance rapatriement et RC vie priv\u00e9e\n<\/div><\/div>\n\t\t\t\t\t\t<\/div>\n<\/div>\t\t<\/div>\n\t\t\t\t\t\t<\/div>\n\t\t\t\t<\/div>\n\t\t\t\t<div class=\"elementor-element elementor-element-dca9c04 elementor-widget elementor-widget-hkangles-infobox\" data-id=\"dca9c04\" data-element_type=\"widget\" data-widget_type=\"hkangles-infobox.default\">\n\t\t\t\t<div class=\"elementor-widget-container\">\n\t\t\t\t\t\t\t<div class=\"hkangles-elementor-widgethkangles_infobox_wrapper infobox-style-5 hkangles-infobox104148087 icon-type-font\">\n\t\t\t<div class=\"hkangles-infobox-wrapper\">\n\t\t\t\t\t<div class=\"hkangles-infobox-icon\"><i aria-hidden=\"true\" class=\"flaticon flaticon-check-mark\"><\/i><\/div>\n\t\t\t\t\t<div class=\"hkangles-infobox-content justify-content-center align-self-center\">\n\t\t\t\t\t<h3 class=\"hkangles-infobox-title\"><div style=\"font-size:14px;line-height:22px\">Rapatriement RC vie priv\u00e9e\n<\/div><\/h3>\n\t\t\t\t\t\t<\/div>\n<\/div>\t\t<\/div>\n\t\t\t\t\t\t<\/div>\n\t\t\t\t<\/div>\n\t\t\t\t<div class=\"elementor-element elementor-element-54ccd68 elementor-widget elementor-widget-hkangles-infobox\" data-id=\"54ccd68\" data-element_type=\"widget\" data-widget_type=\"hkangles-infobox.default\">\n\t\t\t\t<div class=\"elementor-widget-container\">\n\t\t\t\t\t\t\t<div class=\"hkangles-elementor-widgethkangles_infobox_wrapper infobox-style-5 hkangles-infobox840115610 icon-type-font\">\n\t\t\t<div class=\"hkangles-infobox-wrapper\">\n\t\t\t\t\t<div class=\"hkangles-infobox-icon\"><i aria-hidden=\"true\" class=\"flaticon flaticon-check-mark\"><\/i><\/div>\n\t\t\t\t\t<div class=\"hkangles-infobox-content justify-content-center align-self-center\">\n\t\t\t\t\t<h3 class=\"hkangles-infobox-title\"><div style=\"font-size:14px;line-height:22px\">11 millions d'euros d'encaissement\n<\/div><\/h3>\n\t\t\t\t\t\t<\/div>\n<\/div>\t\t<\/div>\n\t\t\t\t\t\t<\/div>\n\t\t\t\t<\/div>\n\t\t\t\t<div class=\"elementor-element elementor-element-f06525c elementor-widget elementor-widget-hkangles-infobox\" data-id=\"f06525c\" data-element_type=\"widget\" data-widget_type=\"hkangles-infobox.default\">\n\t\t\t\t<div class=\"elementor-widget-container\">\n\t\t\t\t\t\t\t<div class=\"hkangles-elementor-widgethkangles_infobox_wrapper infobox-style-5 hkangles-infobox811637349 icon-type-font\">\n\t\t\t<div class=\"hkangles-infobox-wrapper\">\n\t\t\t\t\t<div class=\"hkangles-infobox-icon\"><i aria-hidden=\"true\" class=\"flaticon flaticon-check-mark\"><\/i><\/div>\n\t\t\t\t\t<div class=\"hkangles-infobox-content justify-content-center align-self-center\">\n\t\t\t\t\t<h3 class=\"hkangles-infobox-title\"><div style=\"font-size:14px;line-height:22px\">\nCotisation rente \u00e9ducation identique quel que soit le nombre d'enfants.\n<\/div><\/h3>\n\t\t\t\t\t\t<\/div>\n<\/div>\t\t<\/div>\n\t\t\t\t\t\t<\/div>\n\t\t\t\t<\/div>\n\t\t\t\t<div class=\"elementor-element elementor-element-1d3ed3a elementor-widget elementor-widget-hkangles-infobox\" data-id=\"1d3ed3a\" data-element_type=\"widget\" data-widget_type=\"hkangles-infobox.default\">\n\t\t\t\t<div class=\"elementor-widget-container\">\n\t\t\t\t\t\t\t<div class=\"hkangles-elementor-widgethkangles_infobox_wrapper infobox-style-5 hkangles-infobox1455238960 icon-type-font\">\n\t\t\t<div class=\"hkangles-infobox-wrapper\">\n\t\t\t\t\t<div class=\"hkangles-infobox-icon\"><i aria-hidden=\"true\" class=\"flaticon flaticon-check-mark\"><\/i><\/div>\n\t\t\t\t\t<div class=\"hkangles-infobox-content justify-content-center align-self-center\">\n\t\t\t\t\t<h3 class=\"hkangles-infobox-title\"><div style=\"font-size:14px;line-height:22px\">\nUne exp\u00e9rience reconnue\n<\/div><\/h3>\n\t\t\t\t\t\t<\/div>\n<\/div>\t\t<\/div>\n\t\t\t\t\t\t<\/div>\n\t\t\t\t<\/div>\n\t\t\t\t<div class=\"elementor-element elementor-element-033f199 elementor-widget elementor-widget-hkangles-infobox\" data-id=\"033f199\" data-element_type=\"widget\" data-widget_type=\"hkangles-infobox.default\">\n\t\t\t\t<div class=\"elementor-widget-container\">\n\t\t\t\t\t\t\t<div class=\"hkangles-elementor-widgethkangles_infobox_wrapper infobox-style-5 hkangles-infobox273373212 icon-type-font\">\n\t\t\t<div class=\"hkangles-infobox-wrapper\">\n\t\t\t\t\t<div class=\"hkangles-infobox-icon\"><i aria-hidden=\"true\" class=\"flaticon flaticon-check-mark\"><\/i><\/div>\n\t\t\t\t\t<div class=\"hkangles-infobox-content justify-content-center align-self-center\">\n\t\t\t\t\t<h3 class=\"hkangles-infobox-title\"><div style=\"font-size:14px;line-height:22px\">\nCouverture en compl\u00e9ment de la CFE\n<\/div><\/h3>\n\t\t\t\t\t\t<\/div>\n<\/div>\t\t<\/div>\n\t\t\t\t\t\t<\/div>\n\t\t\t\t<\/div>\n\t\t\t\t\t<\/div>\n\t\t<\/div>\n\t\t\t\t\t<\/div>\n\t\t<\/section>\n\t\t\t\t<\/div>\n\t\t","protected":false},"excerpt":{"rendered":"<p>Pour voyager en toute s\u00e9curit\u00e9, faites-nous confiance et optez pour une assurance personnalis\u00e9e ASSUR-TRAVEL, en quelques donn\u00e9es, c&#8217;est : APRIL International (anciennement APRIL Mobilit\u00e9) est depuis plus de 30 ans le&nbsp;sp\u00e9cialiste de la protection sociale des personnes vivant hors de leur pays de nationalit\u00e9, pour des s\u00e9jours de courte ou longue dur\u00e9e. Plus de 1 [&hellip;]<\/p>\n","protected":false},"author":1,"featured_media":0,"parent":0,"menu_order":0,"comment_status":"closed","ping_status":"closed","template":"","meta":{"_monsterinsights_skip_tracking":false,"_monsterinsights_sitenote_active":false,"_monsterinsights_sitenote_note":"","_monsterinsights_sitenote_category":0,"footnotes":""},"class_list":["post-17505","page","type-page","status-publish","hentry","without-image"],"aioseo_notices":[],"_links":{"self":[{"href":"https:\/\/assurexpat.com\/index.php\/wp-json\/wp\/v2\/pages\/17505","targetHints":{"allow":["GET"]}}],"collection":[{"href":"https:\/\/assurexpat.com\/index.php\/wp-json\/wp\/v2\/pages"}],"about":[{"href":"https:\/\/assurexpat.com\/index.php\/wp-json\/wp\/v2\/types\/page"}],"author":[{"embeddable":true,"href":"https:\/\/assurexpat.com\/index.php\/wp-json\/wp\/v2\/users\/1"}],"replies":[{"embeddable":true,"href":"https:\/\/assurexpat.com\/index.php\/wp-json\/wp\/v2\/comments?post=17505"}],"version-history":[{"count":12,"href":"https:\/\/assurexpat.com\/index.php\/wp-json\/wp\/v2\/pages\/17505\/revisions"}],"predecessor-version":[{"id":17521,"href":"https:\/\/assurexpat.com\/index.php\/wp-json\/wp\/v2\/pages\/17505\/revisions\/17521"}],"wp:attachment":[{"href":"https:\/\/assurexpat.com\/index.php\/wp-json\/wp\/v2\/media?parent=17505"}],"curies":[{"name":"wp","href":"https:\/\/api.w.org\/{rel}","templated":true}]}}