{"id":17462,"date":"2021-11-24T15:35:14","date_gmt":"2021-11-24T15:35:14","guid":{"rendered":"http:\/\/localhost\/test2\/?page_id=17462"},"modified":"2021-11-30T15:26:29","modified_gmt":"2021-11-30T15:26:29","slug":"expat-prevoyance","status":"publish","type":"page","link":"https:\/\/assurexpat.com\/index.php\/expat-prevoyance\/","title":{"rendered":"Expat pr\u00e9voyance"},"content":{"rendered":"\t\t<div data-elementor-type=\"wp-page\" data-elementor-id=\"17462\" class=\"elementor elementor-17462\">\n\t\t\t\t\t\t<section class=\"elementor-section elementor-top-section elementor-element elementor-element-64c5a6bf elementor-section-boxed elementor-section-height-default elementor-section-height-default cd-bg-color-transparent\" data-id=\"64c5a6bf\" data-element_type=\"section\">\n\t\t\t\t\t\t<div class=\"elementor-container elementor-column-gap-default\">\n\t\t\t\t\t<div class=\"elementor-column elementor-col-100 elementor-top-column elementor-element elementor-element-263d3aff cd-bg-color-transparent\" data-id=\"263d3aff\" data-element_type=\"column\">\n\t\t\t<div class=\"elementor-widget-wrap elementor-element-populated\">\n\t\t\t\t\t\t<div class=\"elementor-element elementor-element-12af5723 elementor-widget elementor-widget-heading\" data-id=\"12af5723\" data-element_type=\"widget\" data-widget_type=\"heading.default\">\n\t\t\t\t<div class=\"elementor-widget-container\">\n\t\t\t\t\t<h4 class=\"elementor-heading-title elementor-size-default\">Expat pr\u00e9voyance : des garanties compl\u00e9mentaires pour votre famille<\/h4>\t\t\t\t<\/div>\n\t\t\t\t<\/div>\n\t\t\t\t<div class=\"elementor-element elementor-element-12855ebf elementor-widget elementor-widget-text-editor\" data-id=\"12855ebf\" data-element_type=\"widget\" data-widget_type=\"text-editor.default\">\n\t\t\t\t<div class=\"elementor-widget-container\">\n\t\t\t\t\t\t\t\t\t<p class=\"marTop5\">R\u00e9serv\u00e9 aux ressortissants europ\u00e9ens expatri\u00e9s hors de leur pays d&#8217;origine. Nous vous proposons plusieurs natures de garanties comprenant le versement :<\/p><ul><li>D&#8217;un capital en cas de d\u00e9c\u00e8s ou perte totale et irr\u00e9versible d&#8217;autonomie.<\/li><li class=\"marTop5\">D&#8217;un capital doubl\u00e9 en cas de d\u00e9c\u00e8s accidentel.<\/li><li class=\"marTop5\">Des indemnit\u00e9s journali\u00e8res ou rente d&#8217;invalidit\u00e9 en cas d&#8217;incapacit\u00e9 de travail.<\/li><\/ul>\t\t\t\t\t\t\t\t<\/div>\n\t\t\t\t<\/div>\n\t\t\t\t\t<\/div>\n\t\t<\/div>\n\t\t\t\t\t<\/div>\n\t\t<\/section>\n\t\t\t\t<section class=\"elementor-section elementor-top-section elementor-element elementor-element-93a07f1 elementor-section-boxed elementor-section-height-default elementor-section-height-default cd-bg-color-transparent\" data-id=\"93a07f1\" data-element_type=\"section\">\n\t\t\t\t\t\t<div class=\"elementor-container elementor-column-gap-default\">\n\t\t\t\t\t<div class=\"elementor-column elementor-col-100 elementor-top-column elementor-element elementor-element-699e8a18 cd-bg-color-transparent\" data-id=\"699e8a18\" data-element_type=\"column\">\n\t\t\t<div class=\"elementor-widget-wrap elementor-element-populated\">\n\t\t\t\t\t\t<div class=\"elementor-element elementor-element-4ca91761 elementor-widget elementor-widget-heading\" data-id=\"4ca91761\" data-element_type=\"widget\" data-widget_type=\"heading.default\">\n\t\t\t\t<div class=\"elementor-widget-container\">\n\t\t\t\t\t<h5 class=\"elementor-heading-title elementor-size-default\">Nos partenaires :<\/h5>\t\t\t\t<\/div>\n\t\t\t\t<\/div>\n\t\t\t\t<div class=\"elementor-element elementor-element-20efbc48 elementor-widget elementor-widget-accordion\" data-id=\"20efbc48\" data-element_type=\"widget\" data-settings=\"{&quot;_animation&quot;:&quot;none&quot;}\" data-widget_type=\"accordion.default\">\n\t\t\t\t<div class=\"elementor-widget-container\">\n\t\t\t\t\t\t\t<div class=\"elementor-accordion\">\n\t\t\t\t\t\t\t<div class=\"elementor-accordion-item\">\n\t\t\t\t\t<div id=\"elementor-tab-title-5521\" class=\"elementor-tab-title\" data-tab=\"1\" role=\"button\" aria-controls=\"elementor-tab-content-5521\" aria-expanded=\"false\">\n\t\t\t\t\t\t\t\t\t\t\t\t\t<span class=\"elementor-accordion-icon elementor-accordion-icon-right\" aria-hidden=\"true\">\n\t\t\t\t\t\t\t\t\t\t\t\t\t\t\t<span class=\"elementor-accordion-icon-closed\"><i class=\"fas fa-plus\"><\/i><\/span>\n\t\t\t\t\t\t\t\t<span class=\"elementor-accordion-icon-opened\"><i class=\"fas fa-minus\"><\/i><\/span>\n\t\t\t\t\t\t\t\t\t\t\t\t\t\t<\/span>\n\t\t\t\t\t\t\t\t\t\t\t\t<a class=\"elementor-accordion-title\" tabindex=\"0\">- MGEN \u2013 GROUPE Vyv<\/a>\n\t\t\t\t\t<\/div>\n\t\t\t\t\t<div id=\"elementor-tab-content-5521\" class=\"elementor-tab-content elementor-clearfix\" data-tab=\"1\" role=\"region\" aria-labelledby=\"elementor-tab-title-5521\"><p class=\"marTop5\">Acteur majeur de la protection sociale en France et r\u00e9f\u00e9rence de la mobilit\u00e9 internationale.<\/p><p class=\"marTop5\">10 millions de personnes prot\u00e9g\u00e9es et une pr\u00e9sence dans 170 pays avec plus de 150000 personnes couvertes \u00e0 l\u2019\u00e9tranger.<\/p><\/div>\n\t\t\t\t<\/div>\n\t\t\t\t\t\t\t<div class=\"elementor-accordion-item\">\n\t\t\t\t\t<div id=\"elementor-tab-title-5522\" class=\"elementor-tab-title\" data-tab=\"2\" role=\"button\" aria-controls=\"elementor-tab-content-5522\" aria-expanded=\"false\">\n\t\t\t\t\t\t\t\t\t\t\t\t\t<span class=\"elementor-accordion-icon elementor-accordion-icon-right\" aria-hidden=\"true\">\n\t\t\t\t\t\t\t\t\t\t\t\t\t\t\t<span class=\"elementor-accordion-icon-closed\"><i class=\"fas fa-plus\"><\/i><\/span>\n\t\t\t\t\t\t\t\t<span class=\"elementor-accordion-icon-opened\"><i class=\"fas fa-minus\"><\/i><\/span>\n\t\t\t\t\t\t\t\t\t\t\t\t\t\t<\/span>\n\t\t\t\t\t\t\t\t\t\t\t\t<a class=\"elementor-accordion-title\" tabindex=\"0\">- HENNER<\/a>\n\t\t\t\t\t<\/div>\n\t\t\t\t\t<div id=\"elementor-tab-content-5522\" class=\"elementor-tab-content elementor-clearfix\" data-tab=\"2\" role=\"region\" aria-labelledby=\"elementor-tab-title-5522\"><p class=\"marTop5\">La gestion de la protection sociale des expatries depuis 1947.<\/p><p class=\"marTop5\">Un r\u00e9seau de 12500 prestataires de sante dans 150 pays.<\/p><\/div>\n\t\t\t\t<\/div>\n\t\t\t\t\t\t\t\t<\/div>\n\t\t\t\t\t\t<\/div>\n\t\t\t\t<\/div>\n\t\t\t\t\t<\/div>\n\t\t<\/div>\n\t\t\t\t\t<\/div>\n\t\t<\/section>\n\t\t\t\t<\/div>\n\t\t","protected":false},"excerpt":{"rendered":"<p>Expat pr\u00e9voyance : des garanties compl\u00e9mentaires pour votre famille R\u00e9serv\u00e9 aux ressortissants europ\u00e9ens expatri\u00e9s hors de leur pays d&#8217;origine. Nous vous proposons plusieurs natures de garanties comprenant le versement : D&#8217;un capital en cas de d\u00e9c\u00e8s ou perte totale et irr\u00e9versible d&#8217;autonomie. D&#8217;un capital doubl\u00e9 en cas de d\u00e9c\u00e8s accidentel. Des indemnit\u00e9s journali\u00e8res ou rente [&hellip;]<\/p>\n","protected":false},"author":1,"featured_media":0,"parent":0,"menu_order":0,"comment_status":"closed","ping_status":"closed","template":"","meta":{"_monsterinsights_skip_tracking":false,"_monsterinsights_sitenote_active":false,"_monsterinsights_sitenote_note":"","_monsterinsights_sitenote_category":0,"footnotes":""},"class_list":["post-17462","page","type-page","status-publish","hentry","without-image"],"aioseo_notices":[],"_links":{"self":[{"href":"https:\/\/assurexpat.com\/index.php\/wp-json\/wp\/v2\/pages\/17462","targetHints":{"allow":["GET"]}}],"collection":[{"href":"https:\/\/assurexpat.com\/index.php\/wp-json\/wp\/v2\/pages"}],"about":[{"href":"https:\/\/assurexpat.com\/index.php\/wp-json\/wp\/v2\/types\/page"}],"author":[{"embeddable":true,"href":"https:\/\/assurexpat.com\/index.php\/wp-json\/wp\/v2\/users\/1"}],"replies":[{"embeddable":true,"href":"https:\/\/assurexpat.com\/index.php\/wp-json\/wp\/v2\/comments?post=17462"}],"version-history":[{"count":19,"href":"https:\/\/assurexpat.com\/index.php\/wp-json\/wp\/v2\/pages\/17462\/revisions"}],"predecessor-version":[{"id":17631,"href":"https:\/\/assurexpat.com\/index.php\/wp-json\/wp\/v2\/pages\/17462\/revisions\/17631"}],"wp:attachment":[{"href":"https:\/\/assurexpat.com\/index.php\/wp-json\/wp\/v2\/media?parent=17462"}],"curies":[{"name":"wp","href":"https:\/\/api.w.org\/{rel}","templated":true}]}}