{"id":17364,"date":"2021-11-16T13:48:13","date_gmt":"2021-11-16T13:48:13","guid":{"rendered":"http:\/\/localhost\/test2\/?page_id=17364"},"modified":"2021-11-16T13:54:01","modified_gmt":"2021-11-16T13:54:01","slug":"retraite-placements","status":"publish","type":"page","link":"https:\/\/assurexpat.com\/index.php\/retraite-placements\/","title":{"rendered":"Retraite-placements"},"content":{"rendered":"\t\t<div data-elementor-type=\"wp-page\" data-elementor-id=\"17364\" class=\"elementor elementor-17364\">\n\t\t\t\t\t\t<section class=\"elementor-section elementor-top-section elementor-element elementor-element-9681ddf elementor-section-boxed elementor-section-height-default elementor-section-height-default cd-bg-color-transparent\" data-id=\"9681ddf\" data-element_type=\"section\">\n\t\t\t\t\t\t<div class=\"elementor-container elementor-column-gap-default\">\n\t\t\t\t\t<div class=\"elementor-column elementor-col-100 elementor-top-column elementor-element elementor-element-a4bc796 cd-bg-color-transparent\" data-id=\"a4bc796\" data-element_type=\"column\">\n\t\t\t<div class=\"elementor-widget-wrap elementor-element-populated\">\n\t\t\t\t\t\t<div class=\"elementor-element elementor-element-458b661 elementor-widget elementor-widget-text-editor\" data-id=\"458b661\" data-element_type=\"widget\" data-widget_type=\"text-editor.default\">\n\t\t\t\t<div class=\"elementor-widget-container\">\n\t\t\t\t\t\t\t\t\t<div class=\"wrapper\">\n<div class=\"box\">\n<h6 class=\"v5\">LES OFFRES &#8216;ASSUREXPAT&#8217;<\/h5>\n<p class=\"marTop2\">Si l&#8217;on dresse un rapide bilan de la situation actuelle concernant l&#8217;avenir de nos retraites, 3 points essentiels se d\u00e9gagent :<\/p>\n\n<ul class=\"marTop2\">\n \t<li> Il y a de plus en plus de retrait\u00e9s et de moins en moins d&#8217;actifs.<\/li>\n \t<li> L&#8217;esp\u00e9rance de vie est en constante augmentation.<\/li>\n \t<li> Les cotisants cotisent de plus en plus tard pour leur retraite et ils entrent de plus en plus tard sur le march\u00e9 du travail.<\/li>\n<\/ul>\n<h6 class=\"v2\">ALORS QUI VA PAYER NOS RETRAITES ?<\/h5>\n<p class=\"marTop2\">Il n&#8217;y a pas de solution miracle:\u00a0<strong>Constituez-vous votre capital retraite<\/strong>. AssurExpat vous aide \u00e0 trouver la solution qui correspond \u00e0 votre profil et \u00e0 vos objectifs. Parce que notre retraite se pr\u00e9pare d\u00e8s aujourd&#8217;hui.<\/p>\n\n<\/div>\n<\/div>\n<div class=\"wrapper\">\n<h6 class=\"v2\">Toutes les offres AssurExpat sont par capitalisation<\/h4>\n<\/div>\t\t\t\t\t\t\t\t<\/div>\n\t\t\t\t<\/div>\n\t\t\t\t\t<\/div>\n\t\t<\/div>\n\t\t\t\t\t<\/div>\n\t\t<\/section>\n\t\t\t\t<section class=\"elementor-section elementor-top-section elementor-element elementor-element-2f5834c elementor-section-boxed elementor-section-height-default elementor-section-height-default cd-bg-color-transparent\" data-id=\"2f5834c\" data-element_type=\"section\">\n\t\t\t\t\t\t<div class=\"elementor-container elementor-column-gap-default\">\n\t\t\t\t\t<div class=\"elementor-column elementor-col-100 elementor-top-column elementor-element elementor-element-68ebc29 cd-bg-color-transparent\" data-id=\"68ebc29\" data-element_type=\"column\">\n\t\t\t<div class=\"elementor-widget-wrap elementor-element-populated\">\n\t\t\t\t\t\t<div class=\"elementor-element elementor-element-75179a6 elementor-widget elementor-widget-hkangles-infobox\" data-id=\"75179a6\" data-element_type=\"widget\" data-widget_type=\"hkangles-infobox.default\">\n\t\t\t\t<div class=\"elementor-widget-container\">\n\t\t\t\t\t\t\t<div class=\"hkangles-elementor-widgethkangles_infobox_wrapper infobox-style-5 hkangles-infobox138855303 icon-type-font\">\n\t\t\t<div class=\"hkangles-infobox-wrapper\">\n\t\t\t\t\t<div class=\"hkangles-infobox-icon\"><i aria-hidden=\"true\" class=\"flaticon flaticon-check-mark\"><\/i><\/div>\n\t\t\t\t\t<div class=\"hkangles-infobox-content justify-content-center align-self-center\">\n\t\t\t\t\t<h3 class=\"hkangles-infobox-title\"><div style=\"font-size:16px;line-height:22px\">Une solution : un versement r\u00e9gulier pour constituer votre capital.<\/div><\/h3>\n\t\t\t\t\t\t<div class=\"hkangles-infobox-text\"><div style=\"font-size:14px;line-height:22px;margin-left:15px\">\n\n<div>-  A partir de 100\u20ac par mois.<\/div>\n<div>-  Suivant votre r\u00e9gime fiscal.<\/div>\n<div>- Le montant de vos versements et leurs p\u00e9riodicit\u00e9s.<\/div>\n<div>- Nos partenaires : Mutuelles du Mans, La Mondiale Europartner.<\/div>\n<\/div><\/div>\n\t\t\t\t\t\t<\/div>\n<\/div>\t\t<\/div>\n\t\t\t\t\t\t<\/div>\n\t\t\t\t<\/div>\n\t\t\t\t\t<\/div>\n\t\t<\/div>\n\t\t\t\t\t<\/div>\n\t\t<\/section>\n\t\t\t\t<\/div>\n\t\t","protected":false},"excerpt":{"rendered":"<p>LES OFFRES &#8216;ASSUREXPAT&#8217; Si l&#8217;on dresse un rapide bilan de la situation actuelle concernant l&#8217;avenir de nos retraites, 3 points essentiels se d\u00e9gagent : Il y a de plus en plus de retrait\u00e9s et de moins en moins d&#8217;actifs. L&#8217;esp\u00e9rance de vie est en constante augmentation. Les cotisants cotisent de plus en plus tard pour [&hellip;]<\/p>\n","protected":false},"author":1,"featured_media":0,"parent":0,"menu_order":0,"comment_status":"closed","ping_status":"closed","template":"","meta":{"_monsterinsights_skip_tracking":false,"_monsterinsights_sitenote_active":false,"_monsterinsights_sitenote_note":"","_monsterinsights_sitenote_category":0,"footnotes":""},"class_list":["post-17364","page","type-page","status-publish","hentry","without-image"],"aioseo_notices":[],"_links":{"self":[{"href":"https:\/\/assurexpat.com\/index.php\/wp-json\/wp\/v2\/pages\/17364","targetHints":{"allow":["GET"]}}],"collection":[{"href":"https:\/\/assurexpat.com\/index.php\/wp-json\/wp\/v2\/pages"}],"about":[{"href":"https:\/\/assurexpat.com\/index.php\/wp-json\/wp\/v2\/types\/page"}],"author":[{"embeddable":true,"href":"https:\/\/assurexpat.com\/index.php\/wp-json\/wp\/v2\/users\/1"}],"replies":[{"embeddable":true,"href":"https:\/\/assurexpat.com\/index.php\/wp-json\/wp\/v2\/comments?post=17364"}],"version-history":[{"count":3,"href":"https:\/\/assurexpat.com\/index.php\/wp-json\/wp\/v2\/pages\/17364\/revisions"}],"predecessor-version":[{"id":17368,"href":"https:\/\/assurexpat.com\/index.php\/wp-json\/wp\/v2\/pages\/17364\/revisions\/17368"}],"wp:attachment":[{"href":"https:\/\/assurexpat.com\/index.php\/wp-json\/wp\/v2\/media?parent=17364"}],"curies":[{"name":"wp","href":"https:\/\/api.w.org\/{rel}","templated":true}]}}