{"id":17358,"date":"2021-11-16T13:41:06","date_gmt":"2021-11-16T13:41:06","guid":{"rendered":"http:\/\/localhost\/test2\/?page_id=17358"},"modified":"2021-12-10T16:50:44","modified_gmt":"2021-12-10T16:50:44","slug":"prevoyance","status":"publish","type":"page","link":"https:\/\/assurexpat.com\/index.php\/prevoyance\/","title":{"rendered":"Pr\u00e9voyance"},"content":{"rendered":"\t\t<div data-elementor-type=\"wp-page\" data-elementor-id=\"17358\" class=\"elementor elementor-17358\">\n\t\t\t\t\t\t<section class=\"elementor-section elementor-top-section elementor-element elementor-element-6b81825 elementor-section-boxed elementor-section-height-default elementor-section-height-default cd-bg-color-transparent\" data-id=\"6b81825\" data-element_type=\"section\">\n\t\t\t\t\t\t<div class=\"elementor-container elementor-column-gap-default\">\n\t\t\t\t\t<div class=\"elementor-column elementor-col-100 elementor-top-column elementor-element elementor-element-02013c0 cd-bg-color-transparent\" data-id=\"02013c0\" data-element_type=\"column\">\n\t\t\t<div class=\"elementor-widget-wrap elementor-element-populated\">\n\t\t\t\t\t\t<div class=\"elementor-element elementor-element-88a7b3c elementor-widget elementor-widget-hkangles-custom-heading\" data-id=\"88a7b3c\" data-element_type=\"widget\" data-widget_type=\"hkangles-custom-heading.default\">\n\t\t\t\t<div class=\"elementor-widget-container\">\n\t\t\t\t\t\t\t<div class=\"hkangles_custom_heading_wrapper hkangles-custom-heading145306881 custom-heading-style-1 subtitle-text-uppercase title-text- heading-alignment-left\">\n\t\t\t<div class=\"hkangles-custom-heading-wrapper\">\n\t\t\t<div class=\"hkangles-heading-title-wrapper\">\n\t\t\t<h6 class=\"heading-title\">\n\t\t\t\tCOUVERTURE CHEF DE FAMILLE\t\t\t<\/h6>\n\t\t<\/div>\n\t\t<\/div>\t\t<\/div>\n\t\t\t\t\t\t<\/div>\n\t\t\t\t<\/div>\n\t\t\t\t<div class=\"elementor-element elementor-element-a935704 elementor-widget elementor-widget-text-editor\" data-id=\"a935704\" data-element_type=\"widget\" data-widget_type=\"text-editor.default\">\n\t\t\t\t<div class=\"elementor-widget-container\">\n\t\t\t\t\t\t\t\t\t<p class=\"marTop2\">Afin de vous assurer d&#8217;un revenu en cas d&#8217;incapacit\u00e9 de travail, prot\u00e9gez vos proches.<\/p><p class=\"marTop2\">Choisissez les options : Indemnit\u00e9 journali\u00e8re \/ rente invalidit\u00e9 \/ rente \u00e9ducation \/ capital d\u00e9c\u00e8s.<\/p><p class=\"marTop2\">Vous pr\u00e9servez ainsi l&#8217;avenir et la s\u00e9curit\u00e9 financi\u00e8re de votre famille qui percevra un capital, une rente en cas de d\u00e9c\u00e8s, d&#8217;immobilisation &amp; d&#8217;invalidit\u00e9 d\u00e9finitive.<\/p><p class=\"marTop2\"><strong>Prot\u00e9gez vos proches des al\u00e9as majeurs de la vie.<\/strong><\/p>\t\t\t\t\t\t\t\t<\/div>\n\t\t\t\t<\/div>\n\t\t\t\t\t<\/div>\n\t\t<\/div>\n\t\t\t\t\t<\/div>\n\t\t<\/section>\n\t\t\t\t<section class=\"elementor-section elementor-top-section elementor-element elementor-element-e2b5127 elementor-section-boxed elementor-section-height-default elementor-section-height-default cd-bg-color-transparent\" data-id=\"e2b5127\" data-element_type=\"section\">\n\t\t\t\t\t\t<div class=\"elementor-container elementor-column-gap-default\">\n\t\t\t\t\t<div class=\"elementor-column elementor-col-100 elementor-top-column elementor-element elementor-element-b825a7a cd-bg-color-transparent\" data-id=\"b825a7a\" data-element_type=\"column\">\n\t\t\t<div class=\"elementor-widget-wrap elementor-element-populated\">\n\t\t\t\t\t\t<div class=\"elementor-element elementor-element-e7b1c37 elementor-widget elementor-widget-hkangles-infobox\" data-id=\"e7b1c37\" data-element_type=\"widget\" data-widget_type=\"hkangles-infobox.default\">\n\t\t\t\t<div class=\"elementor-widget-container\">\n\t\t\t\t\t\t\t<div class=\"hkangles-elementor-widgethkangles_infobox_wrapper infobox-style-5 hkangles-infobox67377274 icon-type-font\">\n\t\t\t<div class=\"hkangles-infobox-wrapper\">\n\t\t\t\t\t<div class=\"hkangles-infobox-icon\"><i aria-hidden=\"true\" class=\"flaticon flaticon-check-mark\"><\/i><\/div>\n\t\t\t\t\t<div class=\"hkangles-infobox-content justify-content-center align-self-center\">\n\t\t\t\t\t<h3 class=\"hkangles-infobox-title\"><div style=\"font-size:16px;line-height:22px\">Exemple assurance pr\u00e9voyance :<\/div><\/h3>\n\t\t\t\t\t\t<div class=\"hkangles-infobox-text\"><div style=\"font-size:15px;\">En 2016, 43 ans avec 2 enfants<\/div>\n\n<div style=\"font-size:14px;line-height:22px;margin-left:15px\">\n\n<div>- Capital d\u00e9c\u00e8s : 100 000\u20ac<\/div>\n<div>- Indemnit\u00e9s journali\u00e8res : 90\u20ac \/ jour \u00e0 compter du 61e jour<\/div>\n<div>- Rente Invalidit\u00e9 : 32 850Rente \u00e9ducation : de 200 \u00e0 400\u20ac\/mois<\/div>\n<div>- Prime mensuelle : 114\u20ac<\/div>\n<\/div>\n\n<\/div>\n\t\t\t\t\t\t<\/div>\n<\/div>\t\t<\/div>\n\t\t\t\t\t\t<\/div>\n\t\t\t\t<\/div>\n\t\t\t\t<div class=\"elementor-element elementor-element-571a8ea elementor-widget elementor-widget-hkangles-infobox\" data-id=\"571a8ea\" data-element_type=\"widget\" data-widget_type=\"hkangles-infobox.default\">\n\t\t\t\t<div class=\"elementor-widget-container\">\n\t\t\t\t\t\t\t<div class=\"hkangles-elementor-widgethkangles_infobox_wrapper infobox-style-5 hkangles-infobox1684222926 icon-type-font\">\n\t\t\t<div class=\"hkangles-infobox-wrapper\">\n\t\t\t\t\t<div class=\"hkangles-infobox-icon\"><i aria-hidden=\"true\" class=\"flaticon flaticon-check-mark\"><\/i><\/div>\n\t\t\t\t\t<div class=\"hkangles-infobox-content justify-content-center align-self-center\">\n\t\t\t\t\t<h3 class=\"hkangles-infobox-title\"><div style=\"font-size:16px;line-height:22px\">Toutes nos offres Prevoyance proposent<\/div><\/h3>\n\t\t\t\t\t\t<div class=\"hkangles-infobox-text\"><div style=\"font-size:14px;line-height:22px;margin-left:15px\">\n\n<div>- Capital d\u00e9c\u00e8s<\/div>\n<div>- Indemnit\u00e9s journali\u00e8res<\/div>\n<div>- Rente \u00e9ducation<\/div>\n<div>- Assurance emprunteur<\/div>\n<\/div>\n\n<\/div>\n\t\t\t\t\t\t<\/div>\n<\/div>\t\t<\/div>\n\t\t\t\t\t\t<\/div>\n\t\t\t\t<\/div>\n\t\t\t\t\t<\/div>\n\t\t<\/div>\n\t\t\t\t\t<\/div>\n\t\t<\/section>\n\t\t\t\t<\/div>\n\t\t","protected":false},"excerpt":{"rendered":"<p>COUVERTURE CHEF DE FAMILLE Afin de vous assurer d&#8217;un revenu en cas d&#8217;incapacit\u00e9 de travail, prot\u00e9gez vos proches. Choisissez les options : Indemnit\u00e9 journali\u00e8re \/ rente invalidit\u00e9 \/ rente \u00e9ducation \/ capital d\u00e9c\u00e8s. Vous pr\u00e9servez ainsi l&#8217;avenir et la s\u00e9curit\u00e9 financi\u00e8re de votre famille qui percevra un capital, une rente en cas de d\u00e9c\u00e8s, d&#8217;immobilisation [&hellip;]<\/p>\n","protected":false},"author":1,"featured_media":0,"parent":0,"menu_order":0,"comment_status":"closed","ping_status":"closed","template":"","meta":{"_monsterinsights_skip_tracking":false,"_monsterinsights_sitenote_active":false,"_monsterinsights_sitenote_note":"","_monsterinsights_sitenote_category":0,"footnotes":""},"class_list":["post-17358","page","type-page","status-publish","hentry","without-image"],"aioseo_notices":[],"_links":{"self":[{"href":"https:\/\/assurexpat.com\/index.php\/wp-json\/wp\/v2\/pages\/17358","targetHints":{"allow":["GET"]}}],"collection":[{"href":"https:\/\/assurexpat.com\/index.php\/wp-json\/wp\/v2\/pages"}],"about":[{"href":"https:\/\/assurexpat.com\/index.php\/wp-json\/wp\/v2\/types\/page"}],"author":[{"embeddable":true,"href":"https:\/\/assurexpat.com\/index.php\/wp-json\/wp\/v2\/users\/1"}],"replies":[{"embeddable":true,"href":"https:\/\/assurexpat.com\/index.php\/wp-json\/wp\/v2\/comments?post=17358"}],"version-history":[{"count":9,"href":"https:\/\/assurexpat.com\/index.php\/wp-json\/wp\/v2\/pages\/17358\/revisions"}],"predecessor-version":[{"id":17776,"href":"https:\/\/assurexpat.com\/index.php\/wp-json\/wp\/v2\/pages\/17358\/revisions\/17776"}],"wp:attachment":[{"href":"https:\/\/assurexpat.com\/index.php\/wp-json\/wp\/v2\/media?parent=17358"}],"curies":[{"name":"wp","href":"https:\/\/api.w.org\/{rel}","templated":true}]}}