{"id":1365,"date":"2020-07-21T22:11:59","date_gmt":"2020-07-21T22:11:59","guid":{"rendered":"http:\/\/themeshelby.com\/attarni\/?page_id=1365"},"modified":"2021-12-13T13:10:20","modified_gmt":"2021-12-13T13:10:20","slug":"services","status":"publish","type":"page","link":"https:\/\/assurexpat.com\/index.php\/services\/","title":{"rendered":"Nos formules"},"content":{"rendered":"\t\t<div data-elementor-type=\"wp-page\" data-elementor-id=\"1365\" class=\"elementor elementor-1365\">\n\t\t\t\t\t\t<section class=\"elementor-section elementor-top-section elementor-element elementor-element-bf2706a elementor-section-stretched elementor-section-boxed elementor-section-height-default elementor-section-height-default cd-bg-color-transparent\" data-id=\"bf2706a\" data-element_type=\"section\" data-settings=\"{&quot;background_background&quot;:&quot;classic&quot;,&quot;stretch_section&quot;:&quot;section-stretched&quot;}\">\n\t\t\t\t\t\t\t<div class=\"elementor-background-overlay\"><\/div>\n\t\t\t\t\t\t\t<div class=\"elementor-container elementor-column-gap-default\">\n\t\t\t\t\t<div class=\"elementor-column elementor-col-100 elementor-top-column elementor-element elementor-element-100c78d cd-bg-color-transparent\" data-id=\"100c78d\" data-element_type=\"column\">\n\t\t\t<div class=\"elementor-widget-wrap elementor-element-populated\">\n\t\t\t\t\t\t<div class=\"elementor-element elementor-element-992a190 elementor-widget elementor-widget-hkangles-services\" data-id=\"992a190\" data-element_type=\"widget\" data-widget_type=\"hkangles-services.default\">\n\t\t\t\t<div class=\"elementor-widget-container\">\n\t\t\t\t\t\t\t<div class=\"hkangles-elementor-widget hkangles_services_wrappers services-style-8 services-layout-grid\">\n\t\t\t<div class=\"row\">\n\t\t\t<div class=\"col-xl-3 col-lg-4 col-md-6 col-sm-12\">\n\t\t\t<div class=\"hkangles-service-slide\">\n\t<div class=\"hkangles-service-wrapper\">\t\t\t\t\n\t\t<div class=\"hkangles-service-thumbnail-wrapper\">\n\t\t\t\t\t\t<div class=\"hkangles-service-image-container\">\n\t\t\t\t\t\t\t\t\t<img decoding=\"async\" class=\"hkangles-service-image\" src=\"https:\/\/assurexpat.com\/wp-content\/uploads\/2025\/07\/Assurance-voyage-courte-duree_Plan-de-travail-1-2-600x600.webp\" alt=\"Assurance voyage courte dur\u00e9e\">\n\t\t\t\t\t\t\t\t\t\n\t\t\t<\/div>\t\t\t\t\t\n\t\t<\/div>\n\t\t<div class=\"hkangles-service-content-cover\">\n\n\t\t\t\t<div class=\"hkangles-service-icon\">\n\t\t\t\t\t\t\t\t\t\t\t<a class=\"icon-arrow\" href=\"https:\/\/assurexpat.com\/index.php\/service\/valable-en-france-pendant-vos-sejours-inferieurs-a-90-jours\/\"><i class=\"flaticon-insurance-2\"><\/i><\/a>\n\t\t\t\t\t\t<a class=\"hkangle-project-link\" href=\"https:\/\/assurexpat.com\/index.php\/service\/valable-en-france-pendant-vos-sejours-inferieurs-a-90-jours\/\"><i class=\"hkangles-base-icon-right-arrow-2\"><\/i><\/a>\n\t\t\t\t\t\t\n\t\t\t\t\t\t\t\t\t\t<\/div>\n\n\n\t\t\t<div class=\"hkangles-service-title-wrap\">\n\n\t\t\t\t\t\t\t\t\t <span class=\"hkangles-project-category\">\n\t\t\t\t\t\tsejours inf\u00e9rieurs \u00e0 90 jours\t\t\t\t\t<\/span>\n\t\t\t\t\t\n\t\t\t\t<div class=\"hkangles-service-title-wrap-inner\">\n\t\t\t\t\t<h3 class=\"hkangles-service-title\"><a href=\"https:\/\/assurexpat.com\/index.php\/service\/valable-en-france-pendant-vos-sejours-inferieurs-a-90-jours\/\">Assurance voyage courte dur\u00e9e<\/a><\/h3>\n\t\t\t\t\t<!-- <div class=\"hkangles-service-content\">\t\t\t\t\t\t\n\t\t\t\t\t\t<p>&nbsp; L\u2019assurance voyage vous apporte une protection compl\u00e8te lors de vos d\u00e9placement de courte dur\u00e9e. Qu\u2019il s\u2019agisse de d\u00e9placement d\u2019affaires ou de vacances, seul ou \u00e0 plusieurs vous \u00eates enti\u00e8rement prot\u00e9g\u00e9s. Notre assurance voyage courte dur\u00e9e inclue \u00e9galement une assurance COVID 19 d\u00e9sormais indispensable pour rendre dans de nombreux pays.<\/p>\n\t\t\t\t\t<\/div> -->\n\t\t\t\t<\/div>\n\t\t\t<\/div>\n\t\t<\/div>\n\t<\/div>\n<\/div>\n\t\t<\/div>\n\t\t\t\t<div class=\"col-xl-3 col-lg-4 col-md-6 col-sm-12\">\n\t\t\t<div class=\"hkangles-service-slide\">\n\t<div class=\"hkangles-service-wrapper\">\t\t\t\t\n\t\t<div class=\"hkangles-service-thumbnail-wrapper\">\n\t\t\t\t\t\t<div class=\"hkangles-service-image-container\">\n\t\t\t\t\t\t\t\t\t<img decoding=\"async\" class=\"hkangles-service-image\" src=\"https:\/\/assurexpat.com\/wp-content\/uploads\/2022\/07\/Image-expatriation-600x600.jpeg\" alt=\"Assurance expatriation\">\n\t\t\t\t\t\t\t\t\t\n\t\t\t<\/div>\t\t\t\t\t\n\t\t<\/div>\n\t\t<div class=\"hkangles-service-content-cover\">\n\n\t\t\t\t<div class=\"hkangles-service-icon\">\n\t\t\t\t\t\t\t\t\t\t\t<a class=\"icon-arrow\" href=\"https:\/\/assurexpat.com\/index.php\/service\/une-couverture-sante-jusqua-1500-000e\/\"><i class=\"flaticon-healthcare\"><\/i><\/a>\n\t\t\t\t\t\t<a class=\"hkangle-project-link\" href=\"https:\/\/assurexpat.com\/index.php\/service\/une-couverture-sante-jusqua-1500-000e\/\"><i class=\"hkangles-base-icon-right-arrow-2\"><\/i><\/a>\n\t\t\t\t\t\t\n\t\t\t\t\t\t\t\t\t\t<\/div>\n\n\n\t\t\t<div class=\"hkangles-service-title-wrap\">\n\n\t\t\t\t\t\t\t\t\t <span class=\"hkangles-project-category\">\n\t\t\t\t\t\tcouverture sante\t\t\t\t\t<\/span>\n\t\t\t\t\t\n\t\t\t\t<div class=\"hkangles-service-title-wrap-inner\">\n\t\t\t\t\t<h3 class=\"hkangles-service-title\"><a href=\"https:\/\/assurexpat.com\/index.php\/service\/une-couverture-sante-jusqua-1500-000e\/\">Assurance expatriation<\/a><\/h3>\n\t\t\t\t\t<!-- <div class=\"hkangles-service-content\">\t\t\t\t\t\t\n\t\t\t\t\t\t<p>&nbsp; Notre Assurance Expatriation s\u2019applique aux expatri\u00e9s\u00a0et de leurs ayants droit et couvre tous leurs frais de sant\u00e9 dans le monde. Que vous soyez d\u00e9j\u00e0 expatri\u00e9 avec un besoin de couverture plus adapt\u00e9 \u00e0 votre mode de vie ou que vous envisagiez une expatriation, nos conseillers pourront vous apporter des solutions \u00e9tudi\u00e9es et adapt\u00e9es \u00e0 [&hellip;]<\/p>\n\t\t\t\t\t<\/div> -->\n\t\t\t\t<\/div>\n\t\t\t<\/div>\n\t\t<\/div>\n\t<\/div>\n<\/div>\n\t\t<\/div>\n\t\t\t\t<div class=\"col-xl-3 col-lg-4 col-md-6 col-sm-12\">\n\t\t\t<div class=\"hkangles-service-slide\">\n\t<div class=\"hkangles-service-wrapper\">\t\t\t\t\n\t\t<div class=\"hkangles-service-thumbnail-wrapper\">\n\t\t\t\t\t\t<div class=\"hkangles-service-image-container\">\n\t\t\t\t\t\t\t\t\t<img decoding=\"async\" class=\"hkangles-service-image\" src=\"https:\/\/assurexpat.com\/wp-content\/uploads\/2021\/12\/Assurance-etudes-a-letranger-600x600.webp\" alt=\"Assurance \u00e9tudes \u00e0 l\u2019\u00e9tranger\">\n\t\t\t\t\t\t\t\t\t\n\t\t\t<\/div>\t\t\t\t\t\n\t\t<\/div>\n\t\t<div class=\"hkangles-service-content-cover\">\n\n\t\t\t\t<div class=\"hkangles-service-icon\">\n\t\t\t\t\t\t\t\t\t\t\t<a class=\"icon-arrow\" href=\"https:\/\/assurexpat.com\/index.php\/service\/des-garanties-dassistance-rapatriement-etendues\/\"><i class=\"flaticon-home-insurance\"><\/i><\/a>\n\t\t\t\t\t\t<a class=\"hkangle-project-link\" href=\"https:\/\/assurexpat.com\/index.php\/service\/des-garanties-dassistance-rapatriement-etendues\/\"><i class=\"hkangles-base-icon-right-arrow-2\"><\/i><\/a>\n\t\t\t\t\t\t\n\t\t\t\t\t\t\t\t\t\t<\/div>\n\n\n\t\t\t<div class=\"hkangles-service-title-wrap\">\n\n\t\t\t\t\t\t\t\t\t <span class=\"hkangles-project-category\">\n\t\t\t\t\t\tgaranties d&#039;assistance\t\t\t\t\t<\/span>\n\t\t\t\t\t\n\t\t\t\t<div class=\"hkangles-service-title-wrap-inner\">\n\t\t\t\t\t<h3 class=\"hkangles-service-title\"><a href=\"https:\/\/assurexpat.com\/index.php\/service\/des-garanties-dassistance-rapatriement-etendues\/\">Assurance \u00e9tudes \u00e0 l\u2019\u00e9tranger<\/a><\/h3>\n\t\t\t\t\t<!-- <div class=\"hkangles-service-content\">\t\t\t\t\t\t\n\t\t\t\t\t\t<p>&nbsp; Particuliers Le choix d\u2019une couverture de risques lors d\u2019un voyage ou d\u2019une expatriation implique la prise en compte de tr\u00e8s nombreux crit\u00e8res et AssurLand vous apporte son soutien dans la prise de d\u00e9cision afin de pouvoir\u00a0: \u2022 Naviguer \u00e0 travers un les offres de plus en plus complexes \u2022 Evaluer les crit\u00e8res de choix [&hellip;]<\/p>\n\t\t\t\t\t<\/div> -->\n\t\t\t\t<\/div>\n\t\t\t<\/div>\n\t\t<\/div>\n\t<\/div>\n<\/div>\n\t\t<\/div>\n\t\t<\/div>\n\t\t<\/div>\n\t\t\t\t\t\t<\/div>\n\t\t\t\t<\/div>\n\t\t\t\t\t<\/div>\n\t\t<\/div>\n\t\t\t\t\t<\/div>\n\t\t<\/section>\n\t\t\t\t<\/div>\n\t\t","protected":false},"excerpt":{"rendered":"<p>sejours inf\u00e9rieurs \u00e0 90 jours Valable en France pendant vos s\u00e9jours inf\u00e9rieurs \u00e0 90 jours. couverture sante Une couverture sant\u00e9 jusqu\u2019\u00e0 1,500.000\u20ac garanties d&#039;assistance Des garanties d\u2019assistance \/ rapatriement \u00e9tendues garanties complementaire Des garanties compl\u00e9mentaires \u00e0 plusieurs niveaux<\/p>\n","protected":false},"author":1,"featured_media":0,"parent":0,"menu_order":13,"comment_status":"closed","ping_status":"closed","template":"","meta":{"_monsterinsights_skip_tracking":false,"_monsterinsights_sitenote_active":false,"_monsterinsights_sitenote_note":"","_monsterinsights_sitenote_category":0,"footnotes":""},"class_list":["post-1365","page","type-page","status-publish","hentry"],"aioseo_notices":[],"_links":{"self":[{"href":"https:\/\/assurexpat.com\/index.php\/wp-json\/wp\/v2\/pages\/1365","targetHints":{"allow":["GET"]}}],"collection":[{"href":"https:\/\/assurexpat.com\/index.php\/wp-json\/wp\/v2\/pages"}],"about":[{"href":"https:\/\/assurexpat.com\/index.php\/wp-json\/wp\/v2\/types\/page"}],"author":[{"embeddable":true,"href":"https:\/\/assurexpat.com\/index.php\/wp-json\/wp\/v2\/users\/1"}],"replies":[{"embeddable":true,"href":"https:\/\/assurexpat.com\/index.php\/wp-json\/wp\/v2\/comments?post=1365"}],"version-history":[{"count":16,"href":"https:\/\/assurexpat.com\/index.php\/wp-json\/wp\/v2\/pages\/1365\/revisions"}],"predecessor-version":[{"id":17864,"href":"https:\/\/assurexpat.com\/index.php\/wp-json\/wp\/v2\/pages\/1365\/revisions\/17864"}],"wp:attachment":[{"href":"https:\/\/assurexpat.com\/index.php\/wp-json\/wp\/v2\/media?parent=1365"}],"curies":[{"name":"wp","href":"https:\/\/api.w.org\/{rel}","templated":true}]}}