{"id":1357,"date":"2020-07-21T21:28:34","date_gmt":"2020-07-21T21:28:34","guid":{"rendered":"http:\/\/themeshelby.com\/attarni\/?page_id=1357"},"modified":"2022-07-20T16:58:19","modified_gmt":"2022-07-20T16:58:19","slug":"about-us","status":"publish","type":"page","link":"https:\/\/assurexpat.com\/index.php\/about-us\/","title":{"rendered":"Qui sommes nous"},"content":{"rendered":"\t\t<div data-elementor-type=\"wp-page\" data-elementor-id=\"1357\" class=\"elementor elementor-1357\">\n\t\t\t\t\t\t<section class=\"elementor-section elementor-top-section elementor-element elementor-element-a6d95db elementor-section-stretched elementor-section-content-middle elementor-section-boxed elementor-section-height-default elementor-section-height-default cd-bg-color-transparent\" data-id=\"a6d95db\" data-element_type=\"section\" data-settings=\"{&quot;stretch_section&quot;:&quot;section-stretched&quot;}\">\n\t\t\t\t\t\t<div class=\"elementor-container elementor-column-gap-default\">\n\t\t\t\t\t<div class=\"elementor-column elementor-col-50 elementor-top-column elementor-element elementor-element-b4ea3f3 cd-bg-color-transparent\" data-id=\"b4ea3f3\" data-element_type=\"column\">\n\t\t\t<div class=\"elementor-widget-wrap elementor-element-populated\">\n\t\t\t\t\t\t<div class=\"elementor-element elementor-element-293b527 about-us elementor-widget elementor-widget-image\" data-id=\"293b527\" data-element_type=\"widget\" data-widget_type=\"image.default\">\n\t\t\t\t<div class=\"elementor-widget-container\">\n\t\t\t\t\t\t\t\t\t\t\t\t\t\t\t<img decoding=\"async\" src=\"https:\/\/assurexpat.com\/wp-content\/uploads\/elementor\/thumbs\/Image-Qui-sommes-nous-r7rusydteqje2vkrocvuiog4xom8k5iegzhkkl6dis.jpg\" title=\"Image Qui sommes nous\" alt=\"Image Qui sommes nous\" loading=\"lazy\" \/>\t\t\t\t\t\t\t\t\t\t\t\t\t\t\t<\/div>\n\t\t\t\t<\/div>\n\t\t\t\t\t<\/div>\n\t\t<\/div>\n\t\t\t\t<div class=\"elementor-column elementor-col-50 elementor-top-column elementor-element elementor-element-e37ce6f cd-bg-color-transparent\" data-id=\"e37ce6f\" data-element_type=\"column\">\n\t\t\t<div class=\"elementor-widget-wrap elementor-element-populated\">\n\t\t\t\t\t\t<div class=\"elementor-element elementor-element-2a56d5c elementor-widget elementor-widget-hkangles-custom-heading\" data-id=\"2a56d5c\" data-element_type=\"widget\" data-widget_type=\"hkangles-custom-heading.default\">\n\t\t\t\t<div class=\"elementor-widget-container\">\n\t\t\t\t\t\t\t<div class=\"hkangles_custom_heading_wrapper hkangles-custom-heading2096794833 custom-heading-style-1 subtitle-text-uppercase title-text- heading-alignment-left\">\n\t\t\t<div class=\"hkangles-custom-heading-wrapper\">\n\t\t\t<div class=\"hkangles-heading-subtitle-wrapper\">\n\t\t\t<h3 class=\"heading-subtitle\">\n\t\t\t\t[ ASSUREXPAT]\t\t\t<\/h3>\n\t\t<\/div>\n\t\t<\/div>\t\t<\/div>\n\t\t\t\t\t\t<\/div>\n\t\t\t\t<\/div>\n\t\t\t\t<div class=\"elementor-element elementor-element-997e24a elementor-widget elementor-widget-text-editor\" data-id=\"997e24a\" data-element_type=\"widget\" data-widget_type=\"text-editor.default\">\n\t\t\t\t<div class=\"elementor-widget-container\">\n\t\t\t\t\t\t\t\t\t<p align=\"justify\"><span style=\"font-family: Times New Roman, serif;\"><span style=\"font-size: medium;\">Fond\u00e9 en 2004 au Mali, AssurLand est un groupe panafricain de courtage en assurances. La soci\u00e9t\u00e9 est aujourd\u2019hui pr\u00e9sente dans 4 pays la C\u00f4te d\u2019Ivoire, le S\u00e9n\u00e9gal, le Mali et l\u2019Angola. <\/span><\/span>\n<br>\n<span style=\"font-family: Times New Roman, serif;\"><span style=\"font-size: medium;\">AssurLand place le client au c\u0153ur de ses pr\u00e9occupations et accompagne les entreprises, les institutions et les particuliers dans le choix de la meilleure couverture d\u2019assurance en fonction de leur besoin.<\/span><\/span><\/p>\t\t\t\t\t\t\t\t<\/div>\n\t\t\t\t<\/div>\n\t\t\t\t\t<\/div>\n\t\t<\/div>\n\t\t\t\t\t<\/div>\n\t\t<\/section>\n\t\t\t\t<section class=\"elementor-section elementor-top-section elementor-element elementor-element-f40a0f8 elementor-section-stretched cd-bg-color-white elementor-section-boxed elementor-section-height-default elementor-section-height-default\" data-id=\"f40a0f8\" data-element_type=\"section\" data-settings=\"{&quot;stretch_section&quot;:&quot;section-stretched&quot;}\">\n\t\t\t\t\t\t\t<div class=\"elementor-background-overlay\"><\/div>\n\t\t\t\t\t\t\t<div class=\"elementor-container elementor-column-gap-no\">\n\t\t\t\t\t<div class=\"elementor-column elementor-col-100 elementor-top-column elementor-element elementor-element-16c8c17 cd-bg-color-transparent\" data-id=\"16c8c17\" data-element_type=\"column\">\n\t\t\t<div class=\"elementor-widget-wrap elementor-element-populated\">\n\t\t\t\t\t\t<div class=\"elementor-element elementor-element-e713c0c elementor-widget elementor-widget-hkangles-custom-heading\" data-id=\"e713c0c\" data-element_type=\"widget\" data-widget_type=\"hkangles-custom-heading.default\">\n\t\t\t\t<div class=\"elementor-widget-container\">\n\t\t\t\t\t\t\t<div class=\"hkangles_custom_heading_wrapper hkangles-custom-heading1702205739 custom-heading-style-1 subtitle-text-uppercase title-text- heading-alignment-center\">\n\t\t\t<div class=\"hkangles-custom-heading-wrapper\">\n\t\t\t<div class=\"hkangles-heading-subtitle-wrapper\">\n\t\t\t<p class=\"heading-subtitle\">\n\t\t\t\t[ MISSION\u00a0]\t\t\t<\/p>\n\t\t<\/div>\n\t\t<\/div>\t\t<\/div>\n\t\t\t\t\t\t<\/div>\n\t\t\t\t<\/div>\n\t\t\t\t\t<\/div>\n\t\t<\/div>\n\t\t\t\t\t<\/div>\n\t\t<\/section>\n\t\t\t\t<section class=\"elementor-section elementor-top-section elementor-element elementor-element-4a1ebc9 elementor-section-boxed elementor-section-height-default elementor-section-height-default cd-bg-color-transparent\" data-id=\"4a1ebc9\" data-element_type=\"section\">\n\t\t\t\t\t\t<div class=\"elementor-container elementor-column-gap-default\">\n\t\t\t\t\t<div class=\"elementor-column elementor-col-100 elementor-top-column elementor-element elementor-element-a76e8a1 cd-bg-color-transparent\" data-id=\"a76e8a1\" data-element_type=\"column\">\n\t\t\t<div class=\"elementor-widget-wrap elementor-element-populated\">\n\t\t\t\t\t\t<div class=\"elementor-element elementor-element-5b11096 elementor-widget elementor-widget-text-editor\" data-id=\"5b11096\" data-element_type=\"widget\" data-widget_type=\"text-editor.default\">\n\t\t\t\t<div class=\"elementor-widget-container\">\n\t\t\t\t\t\t\t\t\t<p align=\"justify\"><span style=\"font-family: Times New Roman, serif;\"><span style=\"font-size: medium;\">Depuis plus de 10 ans maintenant, AssurLand accompagne ses clients en Afrique l\u2019Ouest et du Centre dans le d\u00e9ploiement de leurs op\u00e9rations en toute s\u00e9curit\u00e9. Sp\u00e9cialiste du courtage sur-mesure, AssurLand accompagne les entreprises, les ONG et les particuliers.<\/span><\/span><\/p><p align=\"justify\"><span style=\"font-family: Times New Roman, serif;\"><span style=\"font-size: medium;\"><br \/>Son action est caract\u00e9ris\u00e9 par des valeurs fortes\u00a0:<br \/><\/span><\/span><\/p><ul><li><p align=\"justify\"><strong>Ind\u00e9pendance<\/strong>\u00a0: AssurLand intervient pour le compte du client uniquement. Notre groupe n\u2019est tenu par aucun engagement vis-\u00e0-vis des soci\u00e9t\u00e9s d\u2019assurances qui pourraient influencer notre choix lors de l\u2019identification de la meilleure offre pour nos clients.<br \/>Nous analysons la meilleure offre pour nos clients en toute transparence.<\/p><\/li><li><p align=\"justify\"><strong>Comp\u00e9titivit\u00e9<\/strong>\u00a0: AssurLand n\u00e9gocie en permanence les meilleures offres pour ses clients afin de leur apporter un service de qualit\u00e9 au meilleur tarif<\/p><\/li><li><p align=\"justify\"><strong>Orientation client<\/strong>\u00a0: AssurLand place l\u2019humain au c\u0153ur de ses pr\u00e9occupations. Nos \u00e9quipes sont enti\u00e8rement d\u00e9di\u00e9es \u00e0 nos clients et s\u2019engage \u00e0 leur r\u00e9pondre sous 24h.<\/p><\/li><li><p align=\"justify\"><strong>Panafricain<\/strong>\u00a0: AssurLand est pr\u00e9sent dans 4 pays et vous accompagne partout en Afrique via son r\u00e9seau de partenaire.<\/p><\/li><\/ul>\t\t\t\t\t\t\t\t<\/div>\n\t\t\t\t<\/div>\n\t\t\t\t\t<\/div>\n\t\t<\/div>\n\t\t\t\t\t<\/div>\n\t\t<\/section>\n\t\t\t\t<section class=\"elementor-section elementor-top-section elementor-element elementor-element-caec064 elementor-section-stretched cd-bg-color-white elementor-section-boxed elementor-section-height-default elementor-section-height-default\" data-id=\"caec064\" data-element_type=\"section\" data-settings=\"{&quot;stretch_section&quot;:&quot;section-stretched&quot;}\">\n\t\t\t\t\t\t\t<div class=\"elementor-background-overlay\"><\/div>\n\t\t\t\t\t\t\t<div class=\"elementor-container elementor-column-gap-no\">\n\t\t\t\t\t<div class=\"elementor-column elementor-col-100 elementor-top-column elementor-element elementor-element-6baa89b cd-bg-color-transparent\" data-id=\"6baa89b\" data-element_type=\"column\">\n\t\t\t<div class=\"elementor-widget-wrap elementor-element-populated\">\n\t\t\t\t\t\t<div class=\"elementor-element elementor-element-888e5a5 elementor-widget elementor-widget-hkangles-custom-heading\" data-id=\"888e5a5\" data-element_type=\"widget\" data-widget_type=\"hkangles-custom-heading.default\">\n\t\t\t\t<div class=\"elementor-widget-container\">\n\t\t\t\t\t\t\t<div class=\"hkangles_custom_heading_wrapper hkangles-custom-heading36101044 custom-heading-style-1 subtitle-text-uppercase title-text- heading-alignment-center\">\n\t\t\t<div class=\"hkangles-custom-heading-wrapper\">\n\t\t\t<div class=\"hkangles-heading-subtitle-wrapper\">\n\t\t\t<p class=\"heading-subtitle\">\n\t\t\t\t[ Equipe\u00a0]\t\t\t<\/p>\n\t\t<\/div>\n\t\t<\/div>\t\t<\/div>\n\t\t\t\t\t\t<\/div>\n\t\t\t\t<\/div>\n\t\t\t\t\t<\/div>\n\t\t<\/div>\n\t\t\t\t\t<\/div>\n\t\t<\/section>\n\t\t\t\t<section class=\"elementor-section elementor-top-section elementor-element elementor-element-568397f elementor-section-boxed elementor-section-height-default elementor-section-height-default cd-bg-color-transparent\" data-id=\"568397f\" data-element_type=\"section\">\n\t\t\t\t\t\t<div class=\"elementor-container elementor-column-gap-default\">\n\t\t\t\t\t<div class=\"elementor-column elementor-col-100 elementor-top-column elementor-element elementor-element-a407e7a cd-bg-color-transparent\" data-id=\"a407e7a\" data-element_type=\"column\">\n\t\t\t<div class=\"elementor-widget-wrap elementor-element-populated\">\n\t\t\t\t\t\t<div class=\"elementor-element elementor-element-27216ba elementor-widget elementor-widget-text-editor\" data-id=\"27216ba\" data-element_type=\"widget\" data-widget_type=\"text-editor.default\">\n\t\t\t\t<div class=\"elementor-widget-container\">\n\t\t\t\t\t\t\t\t\t<p><span style=\"font-family: Times New Roman, serif;\"><span style=\"font-size: medium;\">AssurLand s\u2019appuie sur une \u00e9quipe pluridisciplinaire et exp\u00e9riment\u00e9e pour accompagner ses clients dans le choix des meilleurs formules d\u2019assurances r\u00e9pondant \u00e0 leur besoin.<\/span><\/span><\/p>\n<ul>\n<li><span style=\"font-family: Times New Roman, serif;\"><span style=\"font-size: medium;\">Nicolas Fakhty &#8211; CEO<\/span><\/span><\/li>\n<\/ul>\t\t\t\t\t\t\t\t<\/div>\n\t\t\t\t<\/div>\n\t\t\t\t\t<\/div>\n\t\t<\/div>\n\t\t\t\t\t<\/div>\n\t\t<\/section>\n\t\t\t\t<section class=\"elementor-section elementor-top-section elementor-element elementor-element-a9420f5 elementor-section-boxed elementor-section-height-default elementor-section-height-default cd-bg-color-transparent\" data-id=\"a9420f5\" data-element_type=\"section\">\n\t\t\t\t\t\t<div class=\"elementor-container elementor-column-gap-default\">\n\t\t\t\t\t<div class=\"elementor-column elementor-col-100 elementor-top-column elementor-element elementor-element-3844b4c cd-bg-color-transparent\" data-id=\"3844b4c\" data-element_type=\"column\">\n\t\t\t<div class=\"elementor-widget-wrap elementor-element-populated\">\n\t\t\t\t\t\t<div class=\"elementor-element elementor-element-9ba05e1 elementor-widget elementor-widget-text-editor\" data-id=\"9ba05e1\" data-element_type=\"widget\" data-widget_type=\"text-editor.default\">\n\t\t\t\t<div class=\"elementor-widget-container\">\n\t\t\t\t\t\t\t\t\t<p><strong>Nos Partenaires<\/strong><\/p>\t\t\t\t\t\t\t\t<\/div>\n\t\t\t\t<\/div>\n\t\t\t\t\t<\/div>\n\t\t<\/div>\n\t\t\t\t\t<\/div>\n\t\t<\/section>\n\t\t\t\t<div class=\"elementor-section elementor-top-section elementor-element elementor-element-29d2a42 elementor-section-stretched cd-bg-color-white elementor-section-content-middle elementor-section-boxed elementor-section-height-default elementor-section-height-default\" data-id=\"29d2a42\" data-element_type=\"section\" data-settings=\"{&quot;stretch_section&quot;:&quot;section-stretched&quot;}\">\n\t\t\t\t\t\t<div class=\"elementor-container elementor-column-gap-default\">\n\t\t\t\t\t<div class=\"elementor-column elementor-col-100 elementor-top-column elementor-element elementor-element-6cda0f6 cd-bg-color-transparent\" data-id=\"6cda0f6\" data-element_type=\"column\">\n\t\t\t<div class=\"elementor-widget-wrap elementor-element-populated\">\n\t\t\t\t\t\t<div class=\"elementor-element elementor-element-ec77135 elementor-widget elementor-widget-hkangles-clients\" data-id=\"ec77135\" data-element_type=\"widget\" data-widget_type=\"hkangles-clients.default\">\n\t\t\t\t<div class=\"elementor-widget-container\">\n\t\t\t\t\t\t\t<div class=\"hkangles-elementor-widget hkangles_clients_wrapper client-layout-slider client-style-1 column-5\">\n\t\t\t<div class=\"owl-carousel owl-theme\" data-owl_options=\"{&quot;items&quot;:&quot;5&quot;,&quot;loop&quot;:&quot;yes&quot;,&quot;margin&quot;:50,&quot;nav&quot;:&quot;&quot;,&quot;dots&quot;:&quot;yes&quot;,&quot;autoplay&quot;:false,&quot;smartSpeed&quot;:1000,&quot;navText&quot;:[&quot;&lt;i class=&#039;hkangles-base-icon-left-open&#039;&gt;&lt;\\\/i&gt;&quot;,&quot;&lt;i class=&#039;hkangles-base-icon-right-open&#039;&gt;&lt;\\\/i&gt;&quot;],&quot;responsive&quot;:{&quot;0&quot;:{&quot;items&quot;:1},&quot;767&quot;:{&quot;items&quot;:3},&quot;992&quot;:{&quot;items&quot;:&quot;5&quot;}}}\">\n\t\t\t<div class=\"client-item\">\n\t\t<a href=\"#\" target=\"_blank\" rel=\"nofollow\" ><img decoding=\"async\" class=\"img-fluid\" src=\"https:\/\/gestassur.net\/assur-expat\/test\/wp-content\/uploads\/2021\/11\/logo-msh.jpeg\" alt=\"Client Logo Image\"><\/a>\t\t<\/div>\n\t\t\t\t<div class=\"client-item\">\n\t\t<a href=\"#\" target=\"_blank\" rel=\"nofollow\" ><img decoding=\"async\" class=\"img-fluid\" src=\"https:\/\/gestassur.net\/assur-expat\/test\/wp-content\/uploads\/2021\/11\/logo-02.gif\" alt=\"Client Logo Image\"><\/a>\t\t<\/div>\n\t\t\t\t<div class=\"client-item\">\n\t\t<a href=\"#\" target=\"_blank\" rel=\"nofollow\" ><img decoding=\"async\" class=\"img-fluid\" src=\"https:\/\/gestassur.net\/assur-expat\/test\/wp-content\/uploads\/2021\/11\/crystal_mobility_cmjn.jpeg\" alt=\"Client Logo Image\"><\/a>\t\t<\/div>\n\t\t\t\t<div class=\"client-item\">\n\t\t<a href=\"#\" target=\"_blank\" rel=\"nofollow\" ><img decoding=\"async\" class=\"img-fluid\" src=\"https:\/\/gestassur.net\/assur-expat\/test\/wp-content\/uploads\/2021\/11\/assure-travel.jpeg\" alt=\"Client Logo Image\"><\/a>\t\t<\/div>\n\t\t\t\t<div class=\"client-item\">\n\t\t<a href=\"#\" target=\"_blank\" rel=\"nofollow\" ><img decoding=\"async\" class=\"img-fluid\" src=\"http:\/\/localhost\/test2\/wp-content\/uploads\/2021\/11\/logo-04.gif\" alt=\"Client Logo Image\"><\/a>\t\t<\/div>\n\t\t\t\t<div class=\"client-item\">\n\t\t<a href=\"#\" target=\"_blank\" rel=\"nofollow\" ><img decoding=\"async\" class=\"img-fluid\" src=\"https:\/\/gestassur.net\/assur-expat\/test\/wp-content\/uploads\/2021\/11\/logo-05.gif\" alt=\"Client Logo Image\"><\/a>\t\t<\/div>\n\t\t<\/div>\n\t\t<\/div>\n\t\t\t\t\t\t<\/div>\n\t\t\t\t<\/div>\n\t\t\t\t\t<\/div>\n\t\t<\/div>\n\t\t\t\t\t<\/div>\n\t\t<\/div>\n\t\t\t\t<\/div>\n\t\t","protected":false},"excerpt":{"rendered":"<p>[ ASSUREXPAT] Fond\u00e9 en 2004 au Mali, AssurLand est un groupe panafricain de courtage en assurances. La soci\u00e9t\u00e9 est aujourd\u2019hui pr\u00e9sente dans 4 pays la C\u00f4te d\u2019Ivoire, le S\u00e9n\u00e9gal, le Mali et l\u2019Angola. AssurLand place le client au c\u0153ur de ses pr\u00e9occupations et accompagne les entreprises, les institutions et les particuliers dans le choix de [&hellip;]<\/p>\n","protected":false},"author":1,"featured_media":0,"parent":0,"menu_order":4,"comment_status":"closed","ping_status":"closed","template":"","meta":{"_monsterinsights_skip_tracking":false,"_monsterinsights_sitenote_active":false,"_monsterinsights_sitenote_note":"","_monsterinsights_sitenote_category":0,"footnotes":""},"class_list":["post-1357","page","type-page","status-publish","hentry","without-image"],"aioseo_notices":[],"_links":{"self":[{"href":"https:\/\/assurexpat.com\/index.php\/wp-json\/wp\/v2\/pages\/1357","targetHints":{"allow":["GET"]}}],"collection":[{"href":"https:\/\/assurexpat.com\/index.php\/wp-json\/wp\/v2\/pages"}],"about":[{"href":"https:\/\/assurexpat.com\/index.php\/wp-json\/wp\/v2\/types\/page"}],"author":[{"embeddable":true,"href":"https:\/\/assurexpat.com\/index.php\/wp-json\/wp\/v2\/users\/1"}],"replies":[{"embeddable":true,"href":"https:\/\/assurexpat.com\/index.php\/wp-json\/wp\/v2\/comments?post=1357"}],"version-history":[{"count":63,"href":"https:\/\/assurexpat.com\/index.php\/wp-json\/wp\/v2\/pages\/1357\/revisions"}],"predecessor-version":[{"id":18284,"href":"https:\/\/assurexpat.com\/index.php\/wp-json\/wp\/v2\/pages\/1357\/revisions\/18284"}],"wp:attachment":[{"href":"https:\/\/assurexpat.com\/index.php\/wp-json\/wp\/v2\/media?parent=1357"}],"curies":[{"name":"wp","href":"https:\/\/api.w.org\/{rel}","templated":true}]}}